{"id":427529,"date":"2025-11-18T14:16:58","date_gmt":"2025-11-18T14:16:58","guid":{"rendered":"https:\/\/irankiuzona.lt\/product\/klijuojami-svareliai-juodi-nt-60g-12x5g-100vnt\/"},"modified":"2026-05-15T15:25:45","modified_gmt":"2026-05-15T15:25:45","slug":"klijuojami-svareliai-juodi-nt-60g-12x5g-100vnt","status":"publish","type":"product","link":"https:\/\/irankiuzona.lt\/ru\/product\/klijuojami-svareliai-juodi-nt-60g-12x5g-100vnt\/","title":{"rendered":"KLIJUOJAMI SVARELIAI  JUODI NT 60g 12x5g \/ 100vnt."},"content":{"rendered":"<p>No Trace (NT) &#8211; spec tecnologijos klij\u0173 sluoksnis, kuris nelieka ant ratlankio pa\u0161alinus panaudot\u0105 svarel\u012f. Su platesne juostele patogesniam darbui.60g 12x5g SLIM (4mm).Dengti juoda, r\u016bdijimui atsparia, plastiko danga.Med\u017eiaga FE (gele\u017eis).Pakuot\u0117s svoris 6 kg.Pagaminta EU.<\/p>","protected":false},"excerpt":{"rendered":"<p>KLIJUOJAMI SVARELIAI\u00a0 JUODI NT 60g 12x5g SLIM (4mm) \/ 100vnt. (SV.HK.FE.GREY\/ SVHKFEGREY)<\/p>","protected":false},"featured_media":296178,"comment_status":"open","ping_status":"open","template":"","meta":[],"product_cat":[9564],"product_tag":[],"class_list":{"0":"post-427529","1":"product","2":"type-product","3":"status-publish","4":"has-post-thumbnail","6":"product_cat-svareliai-balansavimui","8":"first","9":"outofstock","10":"purchasable","11":"product-type-simple"},"jetpack_sharing_enabled":true,"_links":{"self":[{"href":"https:\/\/irankiuzona.lt\/ru\/wp-json\/wp\/v2\/product\/427529","targetHints":{"allow":["GET"]}}],"collection":[{"href":"https:\/\/irankiuzona.lt\/ru\/wp-json\/wp\/v2\/product"}],"about":[{"href":"https:\/\/irankiuzona.lt\/ru\/wp-json\/wp\/v2\/types\/product"}],"replies":[{"embeddable":true,"href":"https:\/\/irankiuzona.lt\/ru\/wp-json\/wp\/v2\/comments?post=427529"}],"version-history":[{"count":1,"href":"https:\/\/irankiuzona.lt\/ru\/wp-json\/wp\/v2\/product\/427529\/revisions"}],"predecessor-version":[{"id":427530,"href":"https:\/\/irankiuzona.lt\/ru\/wp-json\/wp\/v2\/product\/427529\/revisions\/427530"}],"wp:featuredmedia":[{"embeddable":true,"href":"https:\/\/irankiuzona.lt\/ru\/wp-json\/wp\/v2\/media\/296178"}],"wp:attachment":[{"href":"https:\/\/irankiuzona.lt\/ru\/wp-json\/wp\/v2\/media?parent=427529"}],"wp:term":[{"taxonomy":"product_cat","embeddable":true,"href":"https:\/\/irankiuzona.lt\/ru\/wp-json\/wp\/v2\/product_cat?post=427529"},{"taxonomy":"product_tag","embeddable":true,"href":"https:\/\/irankiuzona.lt\/ru\/wp-json\/wp\/v2\/product_tag?post=427529"}],"curies":[{"name":"wp","href":"https:\/\/api.w.org\/{rel}","templated":true}]}}