{"id":427565,"date":"2025-11-18T17:58:24","date_gmt":"2025-11-18T17:58:24","guid":{"rendered":"https:\/\/irankiuzona.lt\/product\/pneumo-praputejas-110mm\/"},"modified":"2026-04-16T23:48:24","modified_gmt":"2026-04-16T23:48:24","slug":"pneumo-praputejas-110mm","status":"publish","type":"product","link":"https:\/\/irankiuzona.lt\/ru\/product\/pneumo-praputejas-110mm\/","title":{"rendered":"Pneumo prap\u016bt\u0117jas 110mm"},"content":{"rendered":"<p>Descriptionaluminum finishadjustable blowwith clip holdertip outer \u00d8 approx. 5.3 mmTechnical dataGross weight 40 gLength 110 mmCE Standard YesPackaging suitable for wall hanging Yes<\/p>","protected":false},"excerpt":{"rendered":"<p>Oro p\u016btimo pistoletas | mini versija | 110 mm<\/p>","protected":false},"featured_media":427567,"comment_status":"open","ping_status":"open","template":"","meta":[],"product_cat":[9737],"product_tag":[],"class_list":{"0":"post-427565","1":"product","2":"type-product","3":"status-publish","4":"has-post-thumbnail","6":"product_cat-pistoletai-praputimui","8":"first","9":"instock","10":"purchasable","11":"product-type-simple"},"jetpack_sharing_enabled":true,"_links":{"self":[{"href":"https:\/\/irankiuzona.lt\/ru\/wp-json\/wp\/v2\/product\/427565","targetHints":{"allow":["GET"]}}],"collection":[{"href":"https:\/\/irankiuzona.lt\/ru\/wp-json\/wp\/v2\/product"}],"about":[{"href":"https:\/\/irankiuzona.lt\/ru\/wp-json\/wp\/v2\/types\/product"}],"replies":[{"embeddable":true,"href":"https:\/\/irankiuzona.lt\/ru\/wp-json\/wp\/v2\/comments?post=427565"}],"version-history":[{"count":1,"href":"https:\/\/irankiuzona.lt\/ru\/wp-json\/wp\/v2\/product\/427565\/revisions"}],"predecessor-version":[{"id":427566,"href":"https:\/\/irankiuzona.lt\/ru\/wp-json\/wp\/v2\/product\/427565\/revisions\/427566"}],"wp:featuredmedia":[{"embeddable":true,"href":"https:\/\/irankiuzona.lt\/ru\/wp-json\/wp\/v2\/media\/427567"}],"wp:attachment":[{"href":"https:\/\/irankiuzona.lt\/ru\/wp-json\/wp\/v2\/media?parent=427565"}],"wp:term":[{"taxonomy":"product_cat","embeddable":true,"href":"https:\/\/irankiuzona.lt\/ru\/wp-json\/wp\/v2\/product_cat?post=427565"},{"taxonomy":"product_tag","embeddable":true,"href":"https:\/\/irankiuzona.lt\/ru\/wp-json\/wp\/v2\/product_tag?post=427565"}],"curies":[{"name":"wp","href":"https:\/\/api.w.org\/{rel}","templated":true}]}}