{"id":427570,"date":"2025-11-18T17:59:14","date_gmt":"2025-11-18T17:59:14","guid":{"rendered":"https:\/\/irankiuzona.lt\/product\/priemone-variklio-uzvedimui-450ml\/"},"modified":"2026-04-16T22:02:50","modified_gmt":"2026-04-16T22:02:50","slug":"priemone-variklio-uzvedimui-450ml","status":"publish","type":"product","link":"https:\/\/irankiuzona.lt\/ru\/product\/priemone-variklio-uzvedimui-450ml\/","title":{"rendered":"Priemone variklio u\u017evedimui 450ml"},"content":{"rendered":"<p>Skirta naudoti esant vidaus degimo varikli\u0173 u\u017evedimo problemomsPagaminta eterio pagrinduTinka benzininiams ir dyzeliniams varikliamsNaudojant produkt\u0105 susidaro degus, vienalytis oro \/ degal\u0173 mi\u0161inys, kuris yra labai degusPo produkto panaudojimo vidaus degimo variklis toliau veikia savaranki\u0161kaiNaudojimas: Purk\u0161ti \u012f oro tiekimo sklend\u0119 3-4 sekundes ir kuo skubiau u\u017evesti varikl\u012f<\/p>","protected":false},"excerpt":{"rendered":"<p>Pur\u0161kiama priemon\u0117 variklio u\u017evedimui 450ml \/ MOTOR STARTER<\/p>","protected":false},"featured_media":427572,"comment_status":"open","ping_status":"open","template":"","meta":[],"product_cat":[9824],"product_tag":[],"class_list":{"0":"post-427570","1":"product","2":"type-product","3":"status-publish","4":"has-post-thumbnail","6":"product_cat-autochemija","8":"first","9":"instock","10":"purchasable","11":"product-type-simple"},"jetpack_sharing_enabled":true,"_links":{"self":[{"href":"https:\/\/irankiuzona.lt\/ru\/wp-json\/wp\/v2\/product\/427570","targetHints":{"allow":["GET"]}}],"collection":[{"href":"https:\/\/irankiuzona.lt\/ru\/wp-json\/wp\/v2\/product"}],"about":[{"href":"https:\/\/irankiuzona.lt\/ru\/wp-json\/wp\/v2\/types\/product"}],"replies":[{"embeddable":true,"href":"https:\/\/irankiuzona.lt\/ru\/wp-json\/wp\/v2\/comments?post=427570"}],"version-history":[{"count":1,"href":"https:\/\/irankiuzona.lt\/ru\/wp-json\/wp\/v2\/product\/427570\/revisions"}],"predecessor-version":[{"id":427571,"href":"https:\/\/irankiuzona.lt\/ru\/wp-json\/wp\/v2\/product\/427570\/revisions\/427571"}],"wp:featuredmedia":[{"embeddable":true,"href":"https:\/\/irankiuzona.lt\/ru\/wp-json\/wp\/v2\/media\/427572"}],"wp:attachment":[{"href":"https:\/\/irankiuzona.lt\/ru\/wp-json\/wp\/v2\/media?parent=427570"}],"wp:term":[{"taxonomy":"product_cat","embeddable":true,"href":"https:\/\/irankiuzona.lt\/ru\/wp-json\/wp\/v2\/product_cat?post=427570"},{"taxonomy":"product_tag","embeddable":true,"href":"https:\/\/irankiuzona.lt\/ru\/wp-json\/wp\/v2\/product_tag?post=427570"}],"curies":[{"name":"wp","href":"https:\/\/api.w.org\/{rel}","templated":true}]}}