{"id":427581,"date":"2025-11-18T18:10:42","date_gmt":"2025-11-18T18:10:42","guid":{"rendered":"https:\/\/irankiuzona.lt\/product\/plastikines-kniedes-63-x-252-mm-10vnt\/"},"modified":"2026-04-16T15:49:28","modified_gmt":"2026-04-16T15:49:28","slug":"plastikines-kniedes-63-x-252-mm-10vnt","status":"publish","type":"product","link":"https:\/\/irankiuzona.lt\/ru\/product\/plastikines-kniedes-63-x-252-mm-10vnt\/","title":{"rendered":"Plastikin\u0117s knied\u0117s 6,3 x 25,2 mm 10vnt"},"content":{"rendered":"<p>10 plastikini\u0173 knied\u017ei\u0173 rinkinys.\u00a0Skirtas tvirtinti, be kita ko, plastikinius apdailos elementus, automobili\u0173 apmu\u0161alus, apmu\u0161alus, variklio dang\u010dius, rat\u0173 arkas.<\/p>","protected":false},"excerpt":{"rendered":"<p>Knied\u0117s plastikin\u0117s | 6,3 x 25,2 mm | 10 vnt.<\/p>","protected":false},"featured_media":427583,"comment_status":"open","ping_status":"open","template":"","meta":[],"product_cat":[9436],"product_tag":[9483],"class_list":{"0":"post-427581","1":"product","2":"type-product","3":"status-publish","4":"has-post-thumbnail","6":"product_brand-yato-lenkija","7":"product_cat-kniedes","8":"product_tag-yato-lenkija","10":"first","11":"instock","12":"purchasable","13":"product-type-simple"},"jetpack_sharing_enabled":true,"_links":{"self":[{"href":"https:\/\/irankiuzona.lt\/ru\/wp-json\/wp\/v2\/product\/427581","targetHints":{"allow":["GET"]}}],"collection":[{"href":"https:\/\/irankiuzona.lt\/ru\/wp-json\/wp\/v2\/product"}],"about":[{"href":"https:\/\/irankiuzona.lt\/ru\/wp-json\/wp\/v2\/types\/product"}],"replies":[{"embeddable":true,"href":"https:\/\/irankiuzona.lt\/ru\/wp-json\/wp\/v2\/comments?post=427581"}],"version-history":[{"count":1,"href":"https:\/\/irankiuzona.lt\/ru\/wp-json\/wp\/v2\/product\/427581\/revisions"}],"predecessor-version":[{"id":427582,"href":"https:\/\/irankiuzona.lt\/ru\/wp-json\/wp\/v2\/product\/427581\/revisions\/427582"}],"wp:featuredmedia":[{"embeddable":true,"href":"https:\/\/irankiuzona.lt\/ru\/wp-json\/wp\/v2\/media\/427583"}],"wp:attachment":[{"href":"https:\/\/irankiuzona.lt\/ru\/wp-json\/wp\/v2\/media?parent=427581"}],"wp:term":[{"taxonomy":"product_cat","embeddable":true,"href":"https:\/\/irankiuzona.lt\/ru\/wp-json\/wp\/v2\/product_cat?post=427581"},{"taxonomy":"product_tag","embeddable":true,"href":"https:\/\/irankiuzona.lt\/ru\/wp-json\/wp\/v2\/product_tag?post=427581"}],"curies":[{"name":"wp","href":"https:\/\/api.w.org\/{rel}","templated":true}]}}