{"id":427612,"date":"2025-11-18T18:55:07","date_gmt":"2025-11-18T18:55:07","guid":{"rendered":"https:\/\/irankiuzona.lt\/product\/mercedes-benz-galvos-kaisciu-smeigiu-istraukejas-2\/"},"modified":"2026-05-16T12:56:39","modified_gmt":"2026-05-16T12:56:39","slug":"mercedes-benz-galvos-kaisciu-smeigiu-istraukejas-2","status":"publish","type":"product","link":"https:\/\/irankiuzona.lt\/ru\/product\/mercedes-benz-galvos-kaisciu-smeigiu-istraukejas-2\/","title":{"rendered":"Mercedes Benz galvos kai\u0161\u010di\u0173-smeigi\u0173 i\u0161trauk\u0117jas"},"content":{"rendered":"<p>Mercedes-Benz: M102, 110, 115, 116, 117, 130<br \/>\nVarikliai:OM601, OM602, OM 603, OM 615, OM616, OM617<br \/>\nbendras ilgis: 85 mmsriegio dyd\u017eiai: M6, M8med\u017eiaga: CR-V plienas, CR-Mo plienas<\/p>","protected":false},"excerpt":{"rendered":"<p>Mercedes Benz galvos kai\u0161\u010di\u0173-smeigi\u0173 i\u0161trauk\u0117jas<\/p>","protected":false},"featured_media":266350,"comment_status":"open","ping_status":"closed","template":"","meta":[],"product_cat":[9863],"product_tag":[10131],"class_list":{"0":"post-427612","1":"product","2":"type-product","3":"status-publish","4":"has-post-thumbnail","6":"product_brand-asta-lenkija","7":"product_cat-mercedes-benz-blokatoriai","8":"product_tag-asta-lenkija","10":"first","11":"instock","12":"purchasable","13":"product-type-simple"},"jetpack_sharing_enabled":true,"_links":{"self":[{"href":"https:\/\/irankiuzona.lt\/ru\/wp-json\/wp\/v2\/product\/427612","targetHints":{"allow":["GET"]}}],"collection":[{"href":"https:\/\/irankiuzona.lt\/ru\/wp-json\/wp\/v2\/product"}],"about":[{"href":"https:\/\/irankiuzona.lt\/ru\/wp-json\/wp\/v2\/types\/product"}],"replies":[{"embeddable":true,"href":"https:\/\/irankiuzona.lt\/ru\/wp-json\/wp\/v2\/comments?post=427612"}],"version-history":[{"count":1,"href":"https:\/\/irankiuzona.lt\/ru\/wp-json\/wp\/v2\/product\/427612\/revisions"}],"predecessor-version":[{"id":427613,"href":"https:\/\/irankiuzona.lt\/ru\/wp-json\/wp\/v2\/product\/427612\/revisions\/427613"}],"wp:featuredmedia":[{"embeddable":true,"href":"https:\/\/irankiuzona.lt\/ru\/wp-json\/wp\/v2\/media\/266350"}],"wp:attachment":[{"href":"https:\/\/irankiuzona.lt\/ru\/wp-json\/wp\/v2\/media?parent=427612"}],"wp:term":[{"taxonomy":"product_cat","embeddable":true,"href":"https:\/\/irankiuzona.lt\/ru\/wp-json\/wp\/v2\/product_cat?post=427612"},{"taxonomy":"product_tag","embeddable":true,"href":"https:\/\/irankiuzona.lt\/ru\/wp-json\/wp\/v2\/product_tag?post=427612"}],"curies":[{"name":"wp","href":"https:\/\/api.w.org\/{rel}","templated":true}]}}