{"id":427621,"date":"2025-11-18T19:06:43","date_gmt":"2025-11-18T19:06:43","guid":{"rendered":"https:\/\/irankiuzona.lt\/product\/magnetine-plokstuma-300-x-150-mm\/"},"modified":"2026-05-16T10:05:59","modified_gmt":"2026-05-16T10:05:59","slug":"magnetine-plokstuma-300-x-150-mm","status":"publish","type":"product","link":"https:\/\/irankiuzona.lt\/ru\/product\/magnetine-plokstuma-300-x-150-mm\/","title":{"rendered":"Magnetin\u0117 plok\u0161tuma \/ 300 x 150 mm"},"content":{"rendered":"<p>Magnetin\u0117 plok\u0161tuma | Plienas | ypa\u010d siaura | 300 x 150 mm<\/p>","protected":false},"excerpt":{"rendered":"<p>Magnetin\u0117 plok\u0161tuma<\/p>","protected":false},"featured_media":427623,"comment_status":"open","ping_status":"open","template":"","meta":[],"product_cat":[9873],"product_tag":[9845],"class_list":{"0":"post-427621","1":"product","2":"type-product","3":"status-publish","4":"has-post-thumbnail","6":"product_brand-vokietija-germany","7":"product_cat-priedai-vezimeliams","8":"product_tag-vokietija-germany","10":"first","11":"outofstock","12":"purchasable","13":"product-type-simple"},"jetpack_sharing_enabled":true,"_links":{"self":[{"href":"https:\/\/irankiuzona.lt\/ru\/wp-json\/wp\/v2\/product\/427621","targetHints":{"allow":["GET"]}}],"collection":[{"href":"https:\/\/irankiuzona.lt\/ru\/wp-json\/wp\/v2\/product"}],"about":[{"href":"https:\/\/irankiuzona.lt\/ru\/wp-json\/wp\/v2\/types\/product"}],"replies":[{"embeddable":true,"href":"https:\/\/irankiuzona.lt\/ru\/wp-json\/wp\/v2\/comments?post=427621"}],"version-history":[{"count":1,"href":"https:\/\/irankiuzona.lt\/ru\/wp-json\/wp\/v2\/product\/427621\/revisions"}],"predecessor-version":[{"id":427622,"href":"https:\/\/irankiuzona.lt\/ru\/wp-json\/wp\/v2\/product\/427621\/revisions\/427622"}],"wp:featuredmedia":[{"embeddable":true,"href":"https:\/\/irankiuzona.lt\/ru\/wp-json\/wp\/v2\/media\/427623"}],"wp:attachment":[{"href":"https:\/\/irankiuzona.lt\/ru\/wp-json\/wp\/v2\/media?parent=427621"}],"wp:term":[{"taxonomy":"product_cat","embeddable":true,"href":"https:\/\/irankiuzona.lt\/ru\/wp-json\/wp\/v2\/product_cat?post=427621"},{"taxonomy":"product_tag","embeddable":true,"href":"https:\/\/irankiuzona.lt\/ru\/wp-json\/wp\/v2\/product_tag?post=427621"}],"curies":[{"name":"wp","href":"https:\/\/api.w.org\/{rel}","templated":true}]}}