{"id":427649,"date":"2025-11-18T19:30:19","date_gmt":"2025-11-18T19:30:19","guid":{"rendered":"https:\/\/irankiuzona.lt\/product\/plevele-apsaugine-50cm-75m\/"},"modified":"2026-05-09T12:55:10","modified_gmt":"2026-05-09T12:55:10","slug":"plevele-apsaugine-50cm-75m","status":"publish","type":"product","link":"https:\/\/irankiuzona.lt\/ru\/product\/plevele-apsaugine-50cm-75m\/","title":{"rendered":"Pl\u0117vel\u0117 apsaugin\u0117 50cm ,75m"},"content":{"rendered":"<p>width: 50 cmlength: 75 m<\/p>","protected":false},"excerpt":{"rendered":"<p>Apsaugin\u0117 lipni konstrukcin\u0117 folija | 50 cm, 75 m<\/p>","protected":false},"featured_media":427651,"comment_status":"open","ping_status":"open","template":"","meta":[],"product_cat":[9697],"product_tag":[9483],"class_list":{"0":"post-427649","1":"product","2":"type-product","3":"status-publish","4":"has-post-thumbnail","6":"product_brand-yato-lenkija","7":"product_cat-aksesuarai-automobiliams","8":"product_tag-yato-lenkija","10":"first","11":"outofstock","12":"purchasable","13":"product-type-simple"},"jetpack_sharing_enabled":true,"_links":{"self":[{"href":"https:\/\/irankiuzona.lt\/ru\/wp-json\/wp\/v2\/product\/427649","targetHints":{"allow":["GET"]}}],"collection":[{"href":"https:\/\/irankiuzona.lt\/ru\/wp-json\/wp\/v2\/product"}],"about":[{"href":"https:\/\/irankiuzona.lt\/ru\/wp-json\/wp\/v2\/types\/product"}],"replies":[{"embeddable":true,"href":"https:\/\/irankiuzona.lt\/ru\/wp-json\/wp\/v2\/comments?post=427649"}],"version-history":[{"count":1,"href":"https:\/\/irankiuzona.lt\/ru\/wp-json\/wp\/v2\/product\/427649\/revisions"}],"predecessor-version":[{"id":427650,"href":"https:\/\/irankiuzona.lt\/ru\/wp-json\/wp\/v2\/product\/427649\/revisions\/427650"}],"wp:featuredmedia":[{"embeddable":true,"href":"https:\/\/irankiuzona.lt\/ru\/wp-json\/wp\/v2\/media\/427651"}],"wp:attachment":[{"href":"https:\/\/irankiuzona.lt\/ru\/wp-json\/wp\/v2\/media?parent=427649"}],"wp:term":[{"taxonomy":"product_cat","embeddable":true,"href":"https:\/\/irankiuzona.lt\/ru\/wp-json\/wp\/v2\/product_cat?post=427649"},{"taxonomy":"product_tag","embeddable":true,"href":"https:\/\/irankiuzona.lt\/ru\/wp-json\/wp\/v2\/product_tag?post=427649"}],"curies":[{"name":"wp","href":"https:\/\/api.w.org\/{rel}","templated":true}]}}