{"id":427671,"date":"2025-11-18T19:39:30","date_gmt":"2025-11-18T19:39:30","guid":{"rendered":"https:\/\/irankiuzona.lt\/product\/alkuninio-veleno-skriemulio-nuemimo-irankis-ford\/"},"modified":"2026-04-21T10:38:50","modified_gmt":"2026-04-21T10:38:50","slug":"alkuninio-veleno-skriemulio-nuemimo-irankis-ford","status":"publish","type":"product","link":"https:\/\/irankiuzona.lt\/ru\/product\/alkuninio-veleno-skriemulio-nuemimo-irankis-ford\/","title":{"rendered":"Alk\u016bninio veleno skriemulio nu\u0117mimo \u012frankis FORD"},"content":{"rendered":"<p>alk\u016bninio veleno skriemuli\u0173 su vidiniu sriegiu nu\u0117mimui i\u0161 \u201eFord 2.0L EcoBlue\u201c montuojamas \u0161iuose transporto priemoni\u0173 modeliuose: \u201eFord Transit\u201c (2018-), \u201eTransit RWD\u201c (2018-), \u201eTransit Custom\u201c (2019-) \u201eFord Ranger\u201c (2019-) \u201eFord Kuga\u201c (2019-) naudojamas kaip OEM 303-1657 pristatymo apimtis: 1 prispaudimo var\u017etas, i\u0161orinis \u0161e\u0161iakampis 11 mm 1 prispaudimo velenas, i\u0161orinis \u0161e\u0161iakampis 19 mm Techniniai duomenys Naudojamas kaip OEM1 303-1657 \u201eFord\u201c<\/p>","protected":false},"excerpt":{"rendered":"<p>Alk\u016bninio veleno skriemulio i\u0161montavimo \u012frankis | Ford EcoBlue 2.0L<\/p>","protected":false},"featured_media":427673,"comment_status":"open","ping_status":"open","template":"","meta":[],"product_cat":[9702],"product_tag":[9845],"class_list":{"0":"post-427671","1":"product","2":"type-product","3":"status-publish","4":"has-post-thumbnail","6":"product_brand-vokietija-germany","7":"product_cat-ford-volvo-mazda-blokatoriai","8":"product_tag-vokietija-germany","10":"first","11":"outofstock","12":"purchasable","13":"product-type-simple"},"jetpack_sharing_enabled":true,"_links":{"self":[{"href":"https:\/\/irankiuzona.lt\/ru\/wp-json\/wp\/v2\/product\/427671","targetHints":{"allow":["GET"]}}],"collection":[{"href":"https:\/\/irankiuzona.lt\/ru\/wp-json\/wp\/v2\/product"}],"about":[{"href":"https:\/\/irankiuzona.lt\/ru\/wp-json\/wp\/v2\/types\/product"}],"replies":[{"embeddable":true,"href":"https:\/\/irankiuzona.lt\/ru\/wp-json\/wp\/v2\/comments?post=427671"}],"version-history":[{"count":1,"href":"https:\/\/irankiuzona.lt\/ru\/wp-json\/wp\/v2\/product\/427671\/revisions"}],"predecessor-version":[{"id":427672,"href":"https:\/\/irankiuzona.lt\/ru\/wp-json\/wp\/v2\/product\/427671\/revisions\/427672"}],"wp:featuredmedia":[{"embeddable":true,"href":"https:\/\/irankiuzona.lt\/ru\/wp-json\/wp\/v2\/media\/427673"}],"wp:attachment":[{"href":"https:\/\/irankiuzona.lt\/ru\/wp-json\/wp\/v2\/media?parent=427671"}],"wp:term":[{"taxonomy":"product_cat","embeddable":true,"href":"https:\/\/irankiuzona.lt\/ru\/wp-json\/wp\/v2\/product_cat?post=427671"},{"taxonomy":"product_tag","embeddable":true,"href":"https:\/\/irankiuzona.lt\/ru\/wp-json\/wp\/v2\/product_tag?post=427671"}],"curies":[{"name":"wp","href":"https:\/\/api.w.org\/{rel}","templated":true}]}}