{"id":427677,"date":"2025-11-18T19:39:42","date_gmt":"2025-11-18T19:39:42","guid":{"rendered":"https:\/\/irankiuzona.lt\/product\/domkrato-padai-gumos-mercedes-automobiliams\/"},"modified":"2026-04-15T17:06:26","modified_gmt":"2026-04-15T17:06:26","slug":"domkrato-padai-gumos-mercedes-automobiliams","status":"publish","type":"product","link":"https:\/\/irankiuzona.lt\/ru\/product\/domkrato-padai-gumos-mercedes-automobiliams\/","title":{"rendered":"Domkrato padai\/gumos MERCEDES automobiliams"},"content":{"rendered":"<p>Guminis padas naudojamas apsaugoti va\u017eiuokl\u0117s arba slenks\u010di\u0173 k\u0117limo ta\u0161kus naudojant domkrat\u0105 arba atramasTinka daugeliui transporto priemoni\u0173.<br \/>\nPoliuretanas yra pakankamai mink\u0161tas, kad nepa\u017eeist\u0173 j\u016bs\u0173 transporto priemon\u0117s metalo, ta\u010diau pakankamai tvirtas, kad j\u012f i\u0161laikyt\u0173.<\/p>","protected":false},"excerpt":{"rendered":"<p>Domkrato padai \/ gumos | Mercedes-Benz | 4 vnt<\/p>","protected":false},"featured_media":427679,"comment_status":"open","ping_status":"open","template":"","meta":[],"product_cat":[9976],"product_tag":[],"class_list":{"0":"post-427677","1":"product","2":"type-product","3":"status-publish","4":"has-post-thumbnail","6":"product_cat-katalogas","8":"first","9":"instock","10":"purchasable","11":"product-type-simple"},"jetpack_sharing_enabled":true,"_links":{"self":[{"href":"https:\/\/irankiuzona.lt\/ru\/wp-json\/wp\/v2\/product\/427677","targetHints":{"allow":["GET"]}}],"collection":[{"href":"https:\/\/irankiuzona.lt\/ru\/wp-json\/wp\/v2\/product"}],"about":[{"href":"https:\/\/irankiuzona.lt\/ru\/wp-json\/wp\/v2\/types\/product"}],"replies":[{"embeddable":true,"href":"https:\/\/irankiuzona.lt\/ru\/wp-json\/wp\/v2\/comments?post=427677"}],"version-history":[{"count":1,"href":"https:\/\/irankiuzona.lt\/ru\/wp-json\/wp\/v2\/product\/427677\/revisions"}],"predecessor-version":[{"id":427678,"href":"https:\/\/irankiuzona.lt\/ru\/wp-json\/wp\/v2\/product\/427677\/revisions\/427678"}],"wp:featuredmedia":[{"embeddable":true,"href":"https:\/\/irankiuzona.lt\/ru\/wp-json\/wp\/v2\/media\/427679"}],"wp:attachment":[{"href":"https:\/\/irankiuzona.lt\/ru\/wp-json\/wp\/v2\/media?parent=427677"}],"wp:term":[{"taxonomy":"product_cat","embeddable":true,"href":"https:\/\/irankiuzona.lt\/ru\/wp-json\/wp\/v2\/product_cat?post=427677"},{"taxonomy":"product_tag","embeddable":true,"href":"https:\/\/irankiuzona.lt\/ru\/wp-json\/wp\/v2\/product_tag?post=427677"}],"curies":[{"name":"wp","href":"https:\/\/api.w.org\/{rel}","templated":true}]}}