{"id":427707,"date":"2025-11-18T19:51:49","date_gmt":"2025-11-18T19:51:49","guid":{"rendered":"https:\/\/irankiuzona.lt\/product\/magnetine-lentynele-180x115x30mm\/"},"modified":"2026-04-08T03:34:57","modified_gmt":"2026-04-08T03:34:57","slug":"magnetine-lentynele-180x115x30mm","status":"publish","type":"product","link":"https:\/\/irankiuzona.lt\/ru\/product\/magnetine-lentynele-180x115x30mm\/","title":{"rendered":"Magnetin\u0117 lentyn\u0117l\u0117 (180x115x30mm)"},"content":{"rendered":"<p>Magnetinis laikymo d\u0117klas<\/p>","protected":false},"excerpt":{"rendered":"<p>Magnetinis laikymo d\u0117klas<\/p>","protected":false},"featured_media":427709,"comment_status":"open","ping_status":"open","template":"","meta":[],"product_cat":[9873],"product_tag":[9845],"class_list":{"0":"post-427707","1":"product","2":"type-product","3":"status-publish","4":"has-post-thumbnail","6":"product_brand-vokietija-germany","7":"product_cat-priedai-vezimeliams","8":"product_tag-vokietija-germany","10":"first","11":"instock","12":"purchasable","13":"product-type-simple"},"jetpack_sharing_enabled":true,"_links":{"self":[{"href":"https:\/\/irankiuzona.lt\/ru\/wp-json\/wp\/v2\/product\/427707","targetHints":{"allow":["GET"]}}],"collection":[{"href":"https:\/\/irankiuzona.lt\/ru\/wp-json\/wp\/v2\/product"}],"about":[{"href":"https:\/\/irankiuzona.lt\/ru\/wp-json\/wp\/v2\/types\/product"}],"replies":[{"embeddable":true,"href":"https:\/\/irankiuzona.lt\/ru\/wp-json\/wp\/v2\/comments?post=427707"}],"version-history":[{"count":0,"href":"https:\/\/irankiuzona.lt\/ru\/wp-json\/wp\/v2\/product\/427707\/revisions"}],"wp:featuredmedia":[{"embeddable":true,"href":"https:\/\/irankiuzona.lt\/ru\/wp-json\/wp\/v2\/media\/427709"}],"wp:attachment":[{"href":"https:\/\/irankiuzona.lt\/ru\/wp-json\/wp\/v2\/media?parent=427707"}],"wp:term":[{"taxonomy":"product_cat","embeddable":true,"href":"https:\/\/irankiuzona.lt\/ru\/wp-json\/wp\/v2\/product_cat?post=427707"},{"taxonomy":"product_tag","embeddable":true,"href":"https:\/\/irankiuzona.lt\/ru\/wp-json\/wp\/v2\/product_tag?post=427707"}],"curies":[{"name":"wp","href":"https:\/\/api.w.org\/{rel}","templated":true}]}}