{"id":427710,"date":"2025-11-18T19:52:14","date_gmt":"2025-11-18T19:52:14","guid":{"rendered":"https:\/\/irankiuzona.lt\/product\/plastikinis-magnetinis-1-2-galvuciu-laikiklis-19d\/"},"modified":"2026-04-08T03:34:58","modified_gmt":"2026-04-08T03:34:58","slug":"plastikinis-magnetinis-1-2-galvuciu-laikiklis-19d","status":"publish","type":"product","link":"https:\/\/irankiuzona.lt\/ru\/product\/plastikinis-magnetinis-1-2-galvuciu-laikiklis-19d\/","title":{"rendered":"Plastikinis magnetinis 1\/2 galvu\u010di\u0173 laikiklis 19d"},"content":{"rendered":"<p>Plastikinis galvu\u010di\u0173 laikiklis | magnetinis | 12.5 mm (1\/2&quot;)<\/p>","protected":false},"excerpt":{"rendered":"<p>magnetinis | 12.5 mm (1\/2&quot;)<\/p>","protected":false},"featured_media":427712,"comment_status":"open","ping_status":"open","template":"","meta":[],"product_cat":[9884],"product_tag":[9845],"class_list":{"0":"post-427710","1":"product","2":"type-product","3":"status-publish","4":"has-post-thumbnail","6":"product_brand-vokietija-germany","7":"product_cat-galvutes-galvuciu-komplektai-laikikliai-galvutems","8":"product_tag-vokietija-germany","10":"first","11":"instock","12":"purchasable","13":"product-type-simple"},"jetpack_sharing_enabled":true,"_links":{"self":[{"href":"https:\/\/irankiuzona.lt\/ru\/wp-json\/wp\/v2\/product\/427710","targetHints":{"allow":["GET"]}}],"collection":[{"href":"https:\/\/irankiuzona.lt\/ru\/wp-json\/wp\/v2\/product"}],"about":[{"href":"https:\/\/irankiuzona.lt\/ru\/wp-json\/wp\/v2\/types\/product"}],"replies":[{"embeddable":true,"href":"https:\/\/irankiuzona.lt\/ru\/wp-json\/wp\/v2\/comments?post=427710"}],"version-history":[{"count":0,"href":"https:\/\/irankiuzona.lt\/ru\/wp-json\/wp\/v2\/product\/427710\/revisions"}],"wp:featuredmedia":[{"embeddable":true,"href":"https:\/\/irankiuzona.lt\/ru\/wp-json\/wp\/v2\/media\/427712"}],"wp:attachment":[{"href":"https:\/\/irankiuzona.lt\/ru\/wp-json\/wp\/v2\/media?parent=427710"}],"wp:term":[{"taxonomy":"product_cat","embeddable":true,"href":"https:\/\/irankiuzona.lt\/ru\/wp-json\/wp\/v2\/product_cat?post=427710"},{"taxonomy":"product_tag","embeddable":true,"href":"https:\/\/irankiuzona.lt\/ru\/wp-json\/wp\/v2\/product_tag?post=427710"}],"curies":[{"name":"wp","href":"https:\/\/api.w.org\/{rel}","templated":true}]}}