{"id":427713,"date":"2025-11-18T19:52:46","date_gmt":"2025-11-18T19:52:46","guid":{"rendered":"https:\/\/irankiuzona.lt\/product\/magnetinis-3-8-galvuciu-laikiklis-12dal\/"},"modified":"2026-04-10T13:29:34","modified_gmt":"2026-04-10T13:29:34","slug":"magnetinis-3-8-galvuciu-laikiklis-12dal","status":"publish","type":"product","link":"https:\/\/irankiuzona.lt\/ru\/product\/magnetinis-3-8-galvuciu-laikiklis-12dal\/","title":{"rendered":"Magnetinis 3\/8 galvu\u010di\u0173 laikiklis (12dal.)"},"content":{"rendered":"<p>Galvu\u010di\u0173 laikiklis | magnetinis | 10 mm (3\/8&quot;) | 12 vnt<\/p>","protected":false},"excerpt":{"rendered":"<p>10 mm (3\/8&quot;) | 12 vnt<\/p>","protected":false},"featured_media":427715,"comment_status":"open","ping_status":"open","template":"","meta":[],"product_cat":[9884],"product_tag":[9845],"class_list":{"0":"post-427713","1":"product","2":"type-product","3":"status-publish","4":"has-post-thumbnail","6":"product_brand-vokietija-germany","7":"product_cat-galvutes-galvuciu-komplektai-laikikliai-galvutems","8":"product_tag-vokietija-germany","10":"first","11":"instock","12":"purchasable","13":"product-type-simple"},"jetpack_sharing_enabled":true,"_links":{"self":[{"href":"https:\/\/irankiuzona.lt\/ru\/wp-json\/wp\/v2\/product\/427713","targetHints":{"allow":["GET"]}}],"collection":[{"href":"https:\/\/irankiuzona.lt\/ru\/wp-json\/wp\/v2\/product"}],"about":[{"href":"https:\/\/irankiuzona.lt\/ru\/wp-json\/wp\/v2\/types\/product"}],"replies":[{"embeddable":true,"href":"https:\/\/irankiuzona.lt\/ru\/wp-json\/wp\/v2\/comments?post=427713"}],"version-history":[{"count":1,"href":"https:\/\/irankiuzona.lt\/ru\/wp-json\/wp\/v2\/product\/427713\/revisions"}],"predecessor-version":[{"id":427714,"href":"https:\/\/irankiuzona.lt\/ru\/wp-json\/wp\/v2\/product\/427713\/revisions\/427714"}],"wp:featuredmedia":[{"embeddable":true,"href":"https:\/\/irankiuzona.lt\/ru\/wp-json\/wp\/v2\/media\/427715"}],"wp:attachment":[{"href":"https:\/\/irankiuzona.lt\/ru\/wp-json\/wp\/v2\/media?parent=427713"}],"wp:term":[{"taxonomy":"product_cat","embeddable":true,"href":"https:\/\/irankiuzona.lt\/ru\/wp-json\/wp\/v2\/product_cat?post=427713"},{"taxonomy":"product_tag","embeddable":true,"href":"https:\/\/irankiuzona.lt\/ru\/wp-json\/wp\/v2\/product_tag?post=427713"}],"curies":[{"name":"wp","href":"https:\/\/api.w.org\/{rel}","templated":true}]}}