{"id":427734,"date":"2025-11-18T19:58:16","date_gmt":"2025-11-18T19:58:16","guid":{"rendered":"https:\/\/irankiuzona.lt\/product\/automobiliu-garso-sistemos-ismontavimo-komplektas\/"},"modified":"2026-05-09T04:24:20","modified_gmt":"2026-05-09T04:24:20","slug":"automobiliu-garso-sistemos-ismontavimo-komplektas","status":"publish","type":"product","link":"https:\/\/irankiuzona.lt\/ru\/product\/automobiliu-garso-sistemos-ismontavimo-komplektas\/","title":{"rendered":"Automobili\u0173 garso sistemos i\u0161montavimo komplektas"},"content":{"rendered":"<p>YT-0838TOOLS FOR DISMANTLING CAR RADIO RECEIVERS, SET OF 52BrandYatoEntity responsible for this product in the EUTOYA S.A.MoreNumber of pieces in the set52Applicationfor dismantling car radios<\/p>","protected":false},"excerpt":{"rendered":"<p>Rinkinys magnetoloms ir u\u017evedimo spynel\u0117ms i\u0161imti | 52 vnt<\/p>","protected":false},"featured_media":427736,"comment_status":"open","ping_status":"open","template":"","meta":[],"product_cat":[9697],"product_tag":[9483],"class_list":{"0":"post-427734","1":"product","2":"type-product","3":"status-publish","4":"has-post-thumbnail","6":"product_brand-yato-lenkija","7":"product_cat-aksesuarai-automobiliams","8":"product_tag-yato-lenkija","10":"first","11":"instock","12":"purchasable","13":"product-type-simple"},"jetpack_sharing_enabled":true,"_links":{"self":[{"href":"https:\/\/irankiuzona.lt\/ru\/wp-json\/wp\/v2\/product\/427734","targetHints":{"allow":["GET"]}}],"collection":[{"href":"https:\/\/irankiuzona.lt\/ru\/wp-json\/wp\/v2\/product"}],"about":[{"href":"https:\/\/irankiuzona.lt\/ru\/wp-json\/wp\/v2\/types\/product"}],"replies":[{"embeddable":true,"href":"https:\/\/irankiuzona.lt\/ru\/wp-json\/wp\/v2\/comments?post=427734"}],"version-history":[{"count":1,"href":"https:\/\/irankiuzona.lt\/ru\/wp-json\/wp\/v2\/product\/427734\/revisions"}],"predecessor-version":[{"id":427735,"href":"https:\/\/irankiuzona.lt\/ru\/wp-json\/wp\/v2\/product\/427734\/revisions\/427735"}],"wp:featuredmedia":[{"embeddable":true,"href":"https:\/\/irankiuzona.lt\/ru\/wp-json\/wp\/v2\/media\/427736"}],"wp:attachment":[{"href":"https:\/\/irankiuzona.lt\/ru\/wp-json\/wp\/v2\/media?parent=427734"}],"wp:term":[{"taxonomy":"product_cat","embeddable":true,"href":"https:\/\/irankiuzona.lt\/ru\/wp-json\/wp\/v2\/product_cat?post=427734"},{"taxonomy":"product_tag","embeddable":true,"href":"https:\/\/irankiuzona.lt\/ru\/wp-json\/wp\/v2\/product_tag?post=427734"}],"curies":[{"name":"wp","href":"https:\/\/api.w.org\/{rel}","templated":true}]}}