{"id":427767,"date":"2025-11-18T20:01:40","date_gmt":"2025-11-18T20:01:40","guid":{"rendered":"https:\/\/irankiuzona.lt\/product\/apsaugine-plevele-50cm-x-30m\/"},"modified":"2026-04-17T06:27:21","modified_gmt":"2026-04-17T06:27:21","slug":"apsaugine-plevele-50cm-x-30m","status":"publish","type":"product","link":"https:\/\/irankiuzona.lt\/ru\/product\/apsaugine-plevele-50cm-x-30m\/","title":{"rendered":"Apsaugin\u0117 pl\u0117vel\u0117 50cm x 30m"},"content":{"rendered":"<p>width: 50 cmlength: 30 m<\/p>","protected":false},"excerpt":{"rendered":"<p>Apsaugin\u0117 lipni konstrukcin\u0117 folija | 50 cm, 30 m<\/p>","protected":false},"featured_media":427769,"comment_status":"open","ping_status":"open","template":"","meta":[],"product_cat":[9697],"product_tag":[9483],"class_list":{"0":"post-427767","1":"product","2":"type-product","3":"status-publish","4":"has-post-thumbnail","6":"product_brand-yato-lenkija","7":"product_cat-aksesuarai-automobiliams","8":"product_tag-yato-lenkija","10":"first","11":"instock","12":"purchasable","13":"product-type-simple"},"jetpack_sharing_enabled":true,"_links":{"self":[{"href":"https:\/\/irankiuzona.lt\/ru\/wp-json\/wp\/v2\/product\/427767","targetHints":{"allow":["GET"]}}],"collection":[{"href":"https:\/\/irankiuzona.lt\/ru\/wp-json\/wp\/v2\/product"}],"about":[{"href":"https:\/\/irankiuzona.lt\/ru\/wp-json\/wp\/v2\/types\/product"}],"replies":[{"embeddable":true,"href":"https:\/\/irankiuzona.lt\/ru\/wp-json\/wp\/v2\/comments?post=427767"}],"version-history":[{"count":1,"href":"https:\/\/irankiuzona.lt\/ru\/wp-json\/wp\/v2\/product\/427767\/revisions"}],"predecessor-version":[{"id":427768,"href":"https:\/\/irankiuzona.lt\/ru\/wp-json\/wp\/v2\/product\/427767\/revisions\/427768"}],"wp:featuredmedia":[{"embeddable":true,"href":"https:\/\/irankiuzona.lt\/ru\/wp-json\/wp\/v2\/media\/427769"}],"wp:attachment":[{"href":"https:\/\/irankiuzona.lt\/ru\/wp-json\/wp\/v2\/media?parent=427767"}],"wp:term":[{"taxonomy":"product_cat","embeddable":true,"href":"https:\/\/irankiuzona.lt\/ru\/wp-json\/wp\/v2\/product_cat?post=427767"},{"taxonomy":"product_tag","embeddable":true,"href":"https:\/\/irankiuzona.lt\/ru\/wp-json\/wp\/v2\/product_tag?post=427767"}],"curies":[{"name":"wp","href":"https:\/\/api.w.org\/{rel}","templated":true}]}}