{"id":427770,"date":"2025-11-18T20:01:45","date_gmt":"2025-11-18T20:01:45","guid":{"rendered":"https:\/\/irankiuzona.lt\/product\/krumpliaratis-prailgintojas-keiciamais-antgaliais\/"},"modified":"2026-04-17T01:44:57","modified_gmt":"2026-04-17T01:44:57","slug":"krumpliaratis-prailgintojas-keiciamais-antgaliais","status":"publish","type":"product","link":"https:\/\/irankiuzona.lt\/ru\/product\/krumpliaratis-prailgintojas-keiciamais-antgaliais\/","title":{"rendered":"Krumpliaratis-prailgintojas kei\u010diamais antgaliais"},"content":{"rendered":"<p>Professional 340 mm long gear wrench with three interchangeable tool holders. It significantly simplifies tightening and loosening screws in confined spaces. Efficiently transfers torque without the need for a full rotation of the handle, thanks to the gear mechanism.Tool chuck size:1\/4&quot; (6.3 mm)3\/8&quot; (9.5 mm)1\/2&quot; (12.7 mm)Socket size: 1\/4&quot; (6.3 mm)Max. torque: 130 NmMaterial: AluminumAdapter made of durable CrV 6150 tool steel, resistant to deformation and abrasion, with a hardness of 40 HRC<\/p>","protected":false},"excerpt":{"rendered":"<p>Krumpliaratis su 3 kei\u010diamais \u012franki\u0173 laikikliais | profi | 340 mm<\/p>","protected":false},"featured_media":427772,"comment_status":"open","ping_status":"open","template":"","meta":[],"product_cat":[11011],"product_tag":[9483],"class_list":{"0":"post-427770","1":"product","2":"type-product","3":"status-publish","4":"has-post-thumbnail","6":"product_brand-yato-lenkija","7":"product_cat-prailgintuvai-terkslems-perejimai-adapteriai-laikikliai","8":"product_tag-yato-lenkija","10":"first","11":"instock","12":"purchasable","13":"product-type-simple"},"jetpack_sharing_enabled":true,"_links":{"self":[{"href":"https:\/\/irankiuzona.lt\/ru\/wp-json\/wp\/v2\/product\/427770","targetHints":{"allow":["GET"]}}],"collection":[{"href":"https:\/\/irankiuzona.lt\/ru\/wp-json\/wp\/v2\/product"}],"about":[{"href":"https:\/\/irankiuzona.lt\/ru\/wp-json\/wp\/v2\/types\/product"}],"replies":[{"embeddable":true,"href":"https:\/\/irankiuzona.lt\/ru\/wp-json\/wp\/v2\/comments?post=427770"}],"version-history":[{"count":1,"href":"https:\/\/irankiuzona.lt\/ru\/wp-json\/wp\/v2\/product\/427770\/revisions"}],"predecessor-version":[{"id":427771,"href":"https:\/\/irankiuzona.lt\/ru\/wp-json\/wp\/v2\/product\/427770\/revisions\/427771"}],"wp:featuredmedia":[{"embeddable":true,"href":"https:\/\/irankiuzona.lt\/ru\/wp-json\/wp\/v2\/media\/427772"}],"wp:attachment":[{"href":"https:\/\/irankiuzona.lt\/ru\/wp-json\/wp\/v2\/media?parent=427770"}],"wp:term":[{"taxonomy":"product_cat","embeddable":true,"href":"https:\/\/irankiuzona.lt\/ru\/wp-json\/wp\/v2\/product_cat?post=427770"},{"taxonomy":"product_tag","embeddable":true,"href":"https:\/\/irankiuzona.lt\/ru\/wp-json\/wp\/v2\/product_tag?post=427770"}],"curies":[{"name":"wp","href":"https:\/\/api.w.org\/{rel}","templated":true}]}}