{"id":427773,"date":"2025-11-18T20:01:56","date_gmt":"2025-11-18T20:01:56","guid":{"rendered":"https:\/\/irankiuzona.lt\/product\/irankiu-vezimelis-7-stalciu-su-168-irankiu\/"},"modified":"2026-04-17T02:40:21","modified_gmt":"2026-04-17T02:40:21","slug":"irankiu-vezimelis-7-stalciu-su-168-irankiu","status":"publish","type":"product","link":"https:\/\/irankiuzona.lt\/ru\/product\/irankiu-vezimelis-7-stalciu-su-168-irankiu\/","title":{"rendered":"\u012eranki\u0173 ve\u017eim\u0117lis 7 stal\u010di\u0173 su 168 \u012frankiu"},"content":{"rendered":"<p>\u012eranki\u0173 spintel\u0117 ant ratuk\u0173 XXL | metalinis starvir\u0161is | su \u012frankiais | 7 stal\u010diai \/ 1 durel\u0117s<\/p>\n<p>D\u0116MESIO! \u0160IAI PREKEI TAIKOMAS PRISTATYMO MOKESTIS.<\/p>","protected":false},"excerpt":{"rendered":"<p>\u012eranki\u0173 spintel\u0117 ant ratuk\u0173 XXL<\/p>","protected":false},"featured_media":427775,"comment_status":"open","ping_status":"closed","template":"","meta":[],"product_cat":[9943],"product_tag":[10087],"class_list":{"0":"post-427773","1":"product","2":"type-product","3":"status-publish","4":"has-post-thumbnail","6":"product_brand-verke","7":"product_cat-vezimeliai-irankiu-spintos","8":"product_tag-verke","10":"first","11":"outofstock","12":"purchasable","13":"product-type-simple"},"jetpack_sharing_enabled":true,"_links":{"self":[{"href":"https:\/\/irankiuzona.lt\/ru\/wp-json\/wp\/v2\/product\/427773","targetHints":{"allow":["GET"]}}],"collection":[{"href":"https:\/\/irankiuzona.lt\/ru\/wp-json\/wp\/v2\/product"}],"about":[{"href":"https:\/\/irankiuzona.lt\/ru\/wp-json\/wp\/v2\/types\/product"}],"replies":[{"embeddable":true,"href":"https:\/\/irankiuzona.lt\/ru\/wp-json\/wp\/v2\/comments?post=427773"}],"version-history":[{"count":2,"href":"https:\/\/irankiuzona.lt\/ru\/wp-json\/wp\/v2\/product\/427773\/revisions"}],"predecessor-version":[{"id":429106,"href":"https:\/\/irankiuzona.lt\/ru\/wp-json\/wp\/v2\/product\/427773\/revisions\/429106"}],"wp:featuredmedia":[{"embeddable":true,"href":"https:\/\/irankiuzona.lt\/ru\/wp-json\/wp\/v2\/media\/427775"}],"wp:attachment":[{"href":"https:\/\/irankiuzona.lt\/ru\/wp-json\/wp\/v2\/media?parent=427773"}],"wp:term":[{"taxonomy":"product_cat","embeddable":true,"href":"https:\/\/irankiuzona.lt\/ru\/wp-json\/wp\/v2\/product_cat?post=427773"},{"taxonomy":"product_tag","embeddable":true,"href":"https:\/\/irankiuzona.lt\/ru\/wp-json\/wp\/v2\/product_tag?post=427773"}],"curies":[{"name":"wp","href":"https:\/\/api.w.org\/{rel}","templated":true}]}}