{"id":427779,"date":"2025-11-18T20:03:34","date_gmt":"2025-11-18T20:03:34","guid":{"rendered":"https:\/\/irankiuzona.lt\/product\/antgalis-h7-smuginis\/"},"modified":"2026-04-21T15:05:24","modified_gmt":"2026-04-21T15:05:24","slug":"antgalis-h7-smuginis","status":"publish","type":"product","link":"https:\/\/irankiuzona.lt\/ru\/product\/antgalis-h7-smuginis\/","title":{"rendered":"Antgalis H7 sm\u016bginis"},"content":{"rendered":"<p>Sukurta naudoti su pneumatiniu sm\u016bginiu \u012frankiu. I\u0161orinis \u0161e\u0161iakampis darbinis profilis. Standartinis kvadratinis antgalis &#8211; 1\/2&quot;. \u0160alto kalimo. Galvut\u0117s med\u017eiaga: chromo-molibdeno plienas.<\/p>","protected":false},"excerpt":{"rendered":"<p>H7 sm\u016bginis<\/p>","protected":false},"featured_media":427781,"comment_status":"open","ping_status":"open","template":"","meta":[],"product_cat":[9947],"product_tag":[9898],"class_list":{"0":"post-427779","1":"product","2":"type-product","3":"status-publish","4":"has-post-thumbnail","6":"product_brand-avtodelo","7":"product_cat-hex-6-kampiai-smuginiai-antgaliai","8":"product_tag-avtodelo","10":"first","11":"instock","12":"purchasable","13":"product-type-simple"},"jetpack_sharing_enabled":true,"_links":{"self":[{"href":"https:\/\/irankiuzona.lt\/ru\/wp-json\/wp\/v2\/product\/427779","targetHints":{"allow":["GET"]}}],"collection":[{"href":"https:\/\/irankiuzona.lt\/ru\/wp-json\/wp\/v2\/product"}],"about":[{"href":"https:\/\/irankiuzona.lt\/ru\/wp-json\/wp\/v2\/types\/product"}],"replies":[{"embeddable":true,"href":"https:\/\/irankiuzona.lt\/ru\/wp-json\/wp\/v2\/comments?post=427779"}],"version-history":[{"count":1,"href":"https:\/\/irankiuzona.lt\/ru\/wp-json\/wp\/v2\/product\/427779\/revisions"}],"predecessor-version":[{"id":427780,"href":"https:\/\/irankiuzona.lt\/ru\/wp-json\/wp\/v2\/product\/427779\/revisions\/427780"}],"wp:featuredmedia":[{"embeddable":true,"href":"https:\/\/irankiuzona.lt\/ru\/wp-json\/wp\/v2\/media\/427781"}],"wp:attachment":[{"href":"https:\/\/irankiuzona.lt\/ru\/wp-json\/wp\/v2\/media?parent=427779"}],"wp:term":[{"taxonomy":"product_cat","embeddable":true,"href":"https:\/\/irankiuzona.lt\/ru\/wp-json\/wp\/v2\/product_cat?post=427779"},{"taxonomy":"product_tag","embeddable":true,"href":"https:\/\/irankiuzona.lt\/ru\/wp-json\/wp\/v2\/product_tag?post=427779"}],"curies":[{"name":"wp","href":"https:\/\/api.w.org\/{rel}","templated":true}]}}