{"id":427782,"date":"2025-11-18T20:03:38","date_gmt":"2025-11-18T20:03:38","guid":{"rendered":"https:\/\/irankiuzona.lt\/product\/atbulinis-pusasio-jungties-istraukimo-plaktukas\/"},"modified":"2026-04-17T07:46:52","modified_gmt":"2026-04-17T07:46:52","slug":"atbulinis-pusasio-jungties-istraukimo-plaktukas","status":"publish","type":"product","link":"https:\/\/irankiuzona.lt\/ru\/product\/atbulinis-pusasio-jungties-istraukimo-plaktukas\/","title":{"rendered":"Atbulinis pusa\u0161io jungties i\u0161traukimo plaktukas"},"content":{"rendered":"<p>Atbulinis pusa\u0161io jungties i\u0161traukimo plaktukas | su priedais<\/p>","protected":false},"excerpt":{"rendered":"<p>Plaktukas su priedais<\/p>","protected":false},"featured_media":427784,"comment_status":"open","ping_status":"open","template":"","meta":[],"product_cat":[9764],"product_tag":[9435],"class_list":{"0":"post-427782","1":"product","2":"type-product","3":"status-publish","4":"has-post-thumbnail","6":"product_brand-kinija","7":"product_cat-irankiai-granatoms-pusasiu-gumoms-savarzos","8":"product_tag-kinija","10":"first","11":"instock","12":"purchasable","13":"product-type-simple"},"jetpack_sharing_enabled":true,"_links":{"self":[{"href":"https:\/\/irankiuzona.lt\/ru\/wp-json\/wp\/v2\/product\/427782","targetHints":{"allow":["GET"]}}],"collection":[{"href":"https:\/\/irankiuzona.lt\/ru\/wp-json\/wp\/v2\/product"}],"about":[{"href":"https:\/\/irankiuzona.lt\/ru\/wp-json\/wp\/v2\/types\/product"}],"replies":[{"embeddable":true,"href":"https:\/\/irankiuzona.lt\/ru\/wp-json\/wp\/v2\/comments?post=427782"}],"version-history":[{"count":1,"href":"https:\/\/irankiuzona.lt\/ru\/wp-json\/wp\/v2\/product\/427782\/revisions"}],"predecessor-version":[{"id":427783,"href":"https:\/\/irankiuzona.lt\/ru\/wp-json\/wp\/v2\/product\/427782\/revisions\/427783"}],"wp:featuredmedia":[{"embeddable":true,"href":"https:\/\/irankiuzona.lt\/ru\/wp-json\/wp\/v2\/media\/427784"}],"wp:attachment":[{"href":"https:\/\/irankiuzona.lt\/ru\/wp-json\/wp\/v2\/media?parent=427782"}],"wp:term":[{"taxonomy":"product_cat","embeddable":true,"href":"https:\/\/irankiuzona.lt\/ru\/wp-json\/wp\/v2\/product_cat?post=427782"},{"taxonomy":"product_tag","embeddable":true,"href":"https:\/\/irankiuzona.lt\/ru\/wp-json\/wp\/v2\/product_tag?post=427782"}],"curies":[{"name":"wp","href":"https:\/\/api.w.org\/{rel}","templated":true}]}}