{"id":427788,"date":"2025-11-18T20:04:06","date_gmt":"2025-11-18T20:04:06","guid":{"rendered":"https:\/\/irankiuzona.lt\/product\/universalus-rato-stebules-nuemimo-irankis\/"},"modified":"2026-04-15T22:05:52","modified_gmt":"2026-04-15T22:05:52","slug":"universalus-rato-stebules-nuemimo-irankis","status":"publish","type":"product","link":"https:\/\/irankiuzona.lt\/ru\/product\/universalus-rato-stebules-nuemimo-irankis\/","title":{"rendered":"Universalus rato stebul\u0117s nu\u0117mimo \u012frankis"},"content":{"rendered":"<p>Skirta naudoti su visais naujais 2 ir 3 kartos stebul\u0117s guoli\u0173 mazgais. Leid\u017eia nuimti stebul\u0119 net ir esant stipriai korozijai. Universalus naudojimas su dauguma rat\u0173 guoli\u0173 leid\u017eia i\u0161ardyti ir surinkti rato stebul\u0119 ir rat\u0173 guolius. Tiesiog prisukite prie rato stebul\u0117s var\u017etais, tada dau\u017eykite plaktuku, kad stebul\u0117 atsilaisvint\u0173. \u0160ie naujos kartos guoliai pla\u010diai naudojami \u0161iandien populiariausiuose automobiliuose: VAG, Landrover, Ford, Mazda, Volov, Kia ir kt. (ypa\u010d Vauxhall\/Opel Insignia galiniuose ratuose). Taip pat tinka Ford Transit stebul\u0117ms, kurios ypa\u010d stipriai stringa.<\/p>","protected":false},"excerpt":{"rendered":"<p>Universalus naudojimas,populiariausiuose automobiliuose<\/p>","protected":false},"featured_media":427790,"comment_status":"open","ping_status":"open","template":"","meta":[],"product_cat":[9751],"product_tag":[9435],"class_list":{"0":"post-427788","1":"product","2":"type-product","3":"status-publish","4":"has-post-thumbnail","6":"product_brand-kinija","7":"product_cat-rato-stebules-stabdziu-bugno-nuemejai","8":"product_tag-kinija","10":"first","11":"instock","12":"purchasable","13":"product-type-simple"},"jetpack_sharing_enabled":true,"_links":{"self":[{"href":"https:\/\/irankiuzona.lt\/ru\/wp-json\/wp\/v2\/product\/427788","targetHints":{"allow":["GET"]}}],"collection":[{"href":"https:\/\/irankiuzona.lt\/ru\/wp-json\/wp\/v2\/product"}],"about":[{"href":"https:\/\/irankiuzona.lt\/ru\/wp-json\/wp\/v2\/types\/product"}],"replies":[{"embeddable":true,"href":"https:\/\/irankiuzona.lt\/ru\/wp-json\/wp\/v2\/comments?post=427788"}],"version-history":[{"count":1,"href":"https:\/\/irankiuzona.lt\/ru\/wp-json\/wp\/v2\/product\/427788\/revisions"}],"predecessor-version":[{"id":427789,"href":"https:\/\/irankiuzona.lt\/ru\/wp-json\/wp\/v2\/product\/427788\/revisions\/427789"}],"wp:featuredmedia":[{"embeddable":true,"href":"https:\/\/irankiuzona.lt\/ru\/wp-json\/wp\/v2\/media\/427790"}],"wp:attachment":[{"href":"https:\/\/irankiuzona.lt\/ru\/wp-json\/wp\/v2\/media?parent=427788"}],"wp:term":[{"taxonomy":"product_cat","embeddable":true,"href":"https:\/\/irankiuzona.lt\/ru\/wp-json\/wp\/v2\/product_cat?post=427788"},{"taxonomy":"product_tag","embeddable":true,"href":"https:\/\/irankiuzona.lt\/ru\/wp-json\/wp\/v2\/product_tag?post=427788"}],"curies":[{"name":"wp","href":"https:\/\/api.w.org\/{rel}","templated":true}]}}