{"id":427800,"date":"2025-11-18T20:05:17","date_gmt":"2025-11-18T20:05:17","guid":{"rendered":"https:\/\/irankiuzona.lt\/product\/galvute-zvakems-3-8-18mm-6-kampe-2\/"},"modified":"2026-04-16T17:31:43","modified_gmt":"2026-04-16T17:31:43","slug":"galvute-zvakems-3-8-18mm-6-kampe-2","status":"publish","type":"product","link":"https:\/\/irankiuzona.lt\/ru\/product\/galvute-zvakems-3-8-18mm-6-kampe-2\/","title":{"rendered":"Galvut\u0117 \u017evak\u0117ms 3\/8&quot; 18mm. 6-kamp\u0117"},"content":{"rendered":"<p>U\u017edegimo \u017evak\u0117s galvut\u0117 18 mm (6 K), 3\/8&#8221;<\/p>","protected":false},"excerpt":{"rendered":"<p>U\u017edegimo \u017evak\u0117s galvut\u0117 18 mm (6 K), 3\/8&#8221;<\/p>","protected":false},"featured_media":427802,"comment_status":"open","ping_status":"open","template":"","meta":[],"product_cat":[9883],"product_tag":[9435],"class_list":{"0":"post-427800","1":"product","2":"type-product","3":"status-publish","4":"has-post-thumbnail","6":"product_brand-kinija","7":"product_cat-3-8-10-mm-sesiakampes-galvutes","8":"product_tag-kinija","10":"first","11":"instock","12":"purchasable","13":"product-type-simple"},"jetpack_sharing_enabled":true,"_links":{"self":[{"href":"https:\/\/irankiuzona.lt\/ru\/wp-json\/wp\/v2\/product\/427800","targetHints":{"allow":["GET"]}}],"collection":[{"href":"https:\/\/irankiuzona.lt\/ru\/wp-json\/wp\/v2\/product"}],"about":[{"href":"https:\/\/irankiuzona.lt\/ru\/wp-json\/wp\/v2\/types\/product"}],"replies":[{"embeddable":true,"href":"https:\/\/irankiuzona.lt\/ru\/wp-json\/wp\/v2\/comments?post=427800"}],"version-history":[{"count":1,"href":"https:\/\/irankiuzona.lt\/ru\/wp-json\/wp\/v2\/product\/427800\/revisions"}],"predecessor-version":[{"id":427801,"href":"https:\/\/irankiuzona.lt\/ru\/wp-json\/wp\/v2\/product\/427800\/revisions\/427801"}],"wp:featuredmedia":[{"embeddable":true,"href":"https:\/\/irankiuzona.lt\/ru\/wp-json\/wp\/v2\/media\/427802"}],"wp:attachment":[{"href":"https:\/\/irankiuzona.lt\/ru\/wp-json\/wp\/v2\/media?parent=427800"}],"wp:term":[{"taxonomy":"product_cat","embeddable":true,"href":"https:\/\/irankiuzona.lt\/ru\/wp-json\/wp\/v2\/product_cat?post=427800"},{"taxonomy":"product_tag","embeddable":true,"href":"https:\/\/irankiuzona.lt\/ru\/wp-json\/wp\/v2\/product_tag?post=427800"}],"curies":[{"name":"wp","href":"https:\/\/api.w.org\/{rel}","templated":true}]}}