{"id":427806,"date":"2025-11-18T20:05:32","date_gmt":"2025-11-18T20:05:32","guid":{"rendered":"https:\/\/irankiuzona.lt\/product\/pneumatinis-slifuoklis-tiesinis-1-4-6m-mini\/"},"modified":"2026-04-16T22:23:45","modified_gmt":"2026-04-16T22:23:45","slug":"pneumatinis-slifuoklis-tiesinis-1-4-6m-mini","status":"publish","type":"product","link":"https:\/\/irankiuzona.lt\/ru\/product\/pneumatinis-slifuoklis-tiesinis-1-4-6m-mini\/","title":{"rendered":"PNEUMATINIS \u0160LIFUOKLIS TIESINIS 1\/4&quot; (6M) MINI"},"content":{"rendered":"<p>Dydis 1\/4&quot; (6 mm)Sukimosi greitis 25000 aps.\/minOro \u012fleidimas 1\/4&quot;, \u017earna 3\/8&quot;I\u0161p\u016btimas &#8211; i\u0161 priekioVid. Oro sunaudojimas 127 l\/minDarbinis sl\u0117gis 6.3 barIlgis x auk\u0161tis 122 x 67 mmSvoris 0.32 kg<\/p>","protected":false},"excerpt":{"rendered":"<p>PNEUMATINIS \u0160LIFUOKLIS<\/p>","protected":false},"featured_media":427808,"comment_status":"open","ping_status":"open","template":"","meta":[],"product_cat":[9676],"product_tag":[9435],"class_list":{"0":"post-427806","1":"product","2":"type-product","3":"status-publish","4":"has-post-thumbnail","6":"product_brand-kinija","7":"product_cat-pneumatiniai-slifuokliai-ju-priedai","8":"product_tag-kinija","10":"first","11":"instock","12":"purchasable","13":"product-type-simple"},"jetpack_sharing_enabled":true,"_links":{"self":[{"href":"https:\/\/irankiuzona.lt\/ru\/wp-json\/wp\/v2\/product\/427806","targetHints":{"allow":["GET"]}}],"collection":[{"href":"https:\/\/irankiuzona.lt\/ru\/wp-json\/wp\/v2\/product"}],"about":[{"href":"https:\/\/irankiuzona.lt\/ru\/wp-json\/wp\/v2\/types\/product"}],"replies":[{"embeddable":true,"href":"https:\/\/irankiuzona.lt\/ru\/wp-json\/wp\/v2\/comments?post=427806"}],"version-history":[{"count":1,"href":"https:\/\/irankiuzona.lt\/ru\/wp-json\/wp\/v2\/product\/427806\/revisions"}],"predecessor-version":[{"id":427807,"href":"https:\/\/irankiuzona.lt\/ru\/wp-json\/wp\/v2\/product\/427806\/revisions\/427807"}],"wp:featuredmedia":[{"embeddable":true,"href":"https:\/\/irankiuzona.lt\/ru\/wp-json\/wp\/v2\/media\/427808"}],"wp:attachment":[{"href":"https:\/\/irankiuzona.lt\/ru\/wp-json\/wp\/v2\/media?parent=427806"}],"wp:term":[{"taxonomy":"product_cat","embeddable":true,"href":"https:\/\/irankiuzona.lt\/ru\/wp-json\/wp\/v2\/product_cat?post=427806"},{"taxonomy":"product_tag","embeddable":true,"href":"https:\/\/irankiuzona.lt\/ru\/wp-json\/wp\/v2\/product_tag?post=427806"}],"curies":[{"name":"wp","href":"https:\/\/api.w.org\/{rel}","templated":true}]}}