{"id":427815,"date":"2025-11-18T20:05:38","date_gmt":"2025-11-18T20:05:38","guid":{"rendered":"https:\/\/irankiuzona.lt\/product\/kombinuotas-raktas-su-terksle-10mm\/"},"modified":"2026-04-17T02:40:35","modified_gmt":"2026-04-17T02:40:35","slug":"kombinuotas-raktas-su-terksle-10mm","status":"publish","type":"product","link":"https:\/\/irankiuzona.lt\/ru\/product\/kombinuotas-raktas-su-terksle-10mm\/","title":{"rendered":"Kombinuotas raktas su terk\u0161le 10MM"},"content":{"rendered":"<p>AMSE B107.66Pagaminti i\u0161 Crv plienoTerk\u0161linis mechanizmas 72 dantuk\u0173\u017diedin\u0117 kilpa su 15\u00b0 palenkimuTinka naudoti siaurose vietose ir greitai i\u0161ardyti ilgus var\u017etus<\/p>","protected":false},"excerpt":{"rendered":"<p>Terk\u0161linis mechanizmas 72 dantuk\u0173<\/p>","protected":false},"featured_media":427817,"comment_status":"open","ping_status":"open","template":"","meta":[],"product_cat":[9746],"product_tag":[9435],"class_list":{"0":"post-427815","1":"product","2":"type-product","3":"status-publish","4":"has-post-thumbnail","6":"product_brand-kinija","7":"product_cat-tiesus-terksliniai-raktai","8":"product_tag-kinija","10":"first","11":"outofstock","12":"purchasable","13":"product-type-simple"},"jetpack_sharing_enabled":true,"_links":{"self":[{"href":"https:\/\/irankiuzona.lt\/ru\/wp-json\/wp\/v2\/product\/427815","targetHints":{"allow":["GET"]}}],"collection":[{"href":"https:\/\/irankiuzona.lt\/ru\/wp-json\/wp\/v2\/product"}],"about":[{"href":"https:\/\/irankiuzona.lt\/ru\/wp-json\/wp\/v2\/types\/product"}],"replies":[{"embeddable":true,"href":"https:\/\/irankiuzona.lt\/ru\/wp-json\/wp\/v2\/comments?post=427815"}],"version-history":[{"count":1,"href":"https:\/\/irankiuzona.lt\/ru\/wp-json\/wp\/v2\/product\/427815\/revisions"}],"predecessor-version":[{"id":427816,"href":"https:\/\/irankiuzona.lt\/ru\/wp-json\/wp\/v2\/product\/427815\/revisions\/427816"}],"wp:featuredmedia":[{"embeddable":true,"href":"https:\/\/irankiuzona.lt\/ru\/wp-json\/wp\/v2\/media\/427817"}],"wp:attachment":[{"href":"https:\/\/irankiuzona.lt\/ru\/wp-json\/wp\/v2\/media?parent=427815"}],"wp:term":[{"taxonomy":"product_cat","embeddable":true,"href":"https:\/\/irankiuzona.lt\/ru\/wp-json\/wp\/v2\/product_cat?post=427815"},{"taxonomy":"product_tag","embeddable":true,"href":"https:\/\/irankiuzona.lt\/ru\/wp-json\/wp\/v2\/product_tag?post=427815"}],"curies":[{"name":"wp","href":"https:\/\/api.w.org\/{rel}","templated":true}]}}