{"id":427880,"date":"2025-11-18T20:09:49","date_gmt":"2025-11-18T20:09:49","guid":{"rendered":"https:\/\/irankiuzona.lt\/product\/tarpines-varines-150vnt-2\/"},"modified":"2026-04-09T18:43:00","modified_gmt":"2026-04-09T18:43:00","slug":"tarpines-varines-150vnt-2","status":"publish","type":"product","link":"https:\/\/irankiuzona.lt\/ru\/product\/tarpines-varines-150vnt-2\/","title":{"rendered":"Tarpin\u0117s varin\u0117s 150vnt"},"content":{"rendered":"<p>Varin\u0117s pover\u017el\u0117s, 150 vnt. rinkinys.<\/p>","protected":false},"excerpt":{"rendered":"<p>150 vnt. rinkinys.<\/p>","protected":false},"featured_media":427882,"comment_status":"open","ping_status":"open","template":"","meta":[],"product_cat":[9438],"product_tag":[10151],"class_list":{"0":"post-427880","1":"product","2":"type-product","3":"status-publish","4":"has-post-thumbnail","6":"product_brand-lenkija-tiekejas","7":"product_cat-tarpines-savarzos-smeiges-kaisciai-ir-kiti-rinkiniai","8":"product_tag-lenkija-tiekejas","10":"first","11":"outofstock","12":"purchasable","13":"product-type-simple"},"jetpack_sharing_enabled":true,"_links":{"self":[{"href":"https:\/\/irankiuzona.lt\/ru\/wp-json\/wp\/v2\/product\/427880","targetHints":{"allow":["GET"]}}],"collection":[{"href":"https:\/\/irankiuzona.lt\/ru\/wp-json\/wp\/v2\/product"}],"about":[{"href":"https:\/\/irankiuzona.lt\/ru\/wp-json\/wp\/v2\/types\/product"}],"replies":[{"embeddable":true,"href":"https:\/\/irankiuzona.lt\/ru\/wp-json\/wp\/v2\/comments?post=427880"}],"version-history":[{"count":1,"href":"https:\/\/irankiuzona.lt\/ru\/wp-json\/wp\/v2\/product\/427880\/revisions"}],"predecessor-version":[{"id":427881,"href":"https:\/\/irankiuzona.lt\/ru\/wp-json\/wp\/v2\/product\/427880\/revisions\/427881"}],"wp:featuredmedia":[{"embeddable":true,"href":"https:\/\/irankiuzona.lt\/ru\/wp-json\/wp\/v2\/media\/427882"}],"wp:attachment":[{"href":"https:\/\/irankiuzona.lt\/ru\/wp-json\/wp\/v2\/media?parent=427880"}],"wp:term":[{"taxonomy":"product_cat","embeddable":true,"href":"https:\/\/irankiuzona.lt\/ru\/wp-json\/wp\/v2\/product_cat?post=427880"},{"taxonomy":"product_tag","embeddable":true,"href":"https:\/\/irankiuzona.lt\/ru\/wp-json\/wp\/v2\/product_tag?post=427880"}],"curies":[{"name":"wp","href":"https:\/\/api.w.org\/{rel}","templated":true}]}}