{"id":427964,"date":"2025-11-18T20:13:58","date_gmt":"2025-11-18T20:13:58","guid":{"rendered":"https:\/\/irankiuzona.lt\/product\/statybiniai-kojokai-61-101cm-aliuminiai\/"},"modified":"2026-04-14T18:59:02","modified_gmt":"2026-04-14T18:59:02","slug":"statybiniai-kojokai-61-101cm-aliuminiai","status":"publish","type":"product","link":"https:\/\/irankiuzona.lt\/ru\/product\/statybiniai-kojokai-61-101cm-aliuminiai\/","title":{"rendered":"Statybiniai kojokai 61-101cm \/ aliuminiai"},"content":{"rendered":"<p>PRODUKTO SAVYB\u0116S\u2705 Reguliuojamas auk\u0161tis: 61 cm &#8211; 102 cm (24-40&quot;)<br \/>\n\u2705 Lengva, bet labai patvari aliuminio konstrukcija<br \/>\n\u2705 Idealiai tinka apdailai, surinkimui ir da\u017eymui<br \/>\n\u2705 Neslystan\u010dios platformos maksimaliam saugumui<br \/>\n\u2705 Reguliuojami p\u0117d\u0173 ir blauzd\u0173 dir\u017eeliai<br \/>\n\u2705 Saugos funkcijos apsaugo nuo koj\u0173 slydimo<br \/>\n\u2705 Lengvas surinkimas ir i\u0161ardymas \u2013 paruo\u0161tas naudoti per kelias minutes<\/p>","protected":false},"excerpt":{"rendered":"<p>MONTUOTOJO KOJALIAI 24\u201340&quot; KD5547<\/p>","protected":false},"featured_media":427966,"comment_status":"open","ping_status":"open","template":"","meta":[],"product_cat":[10088],"product_tag":[10104],"class_list":{"0":"post-427964","1":"product","2":"type-product","3":"status-publish","4":"has-post-thumbnail","6":"product_brand-kraftdele","7":"product_cat-reguliuojamos-atramos-kojokai","8":"product_tag-kraftdele","10":"first","11":"outofstock","12":"purchasable","13":"product-type-simple"},"jetpack_sharing_enabled":true,"_links":{"self":[{"href":"https:\/\/irankiuzona.lt\/ru\/wp-json\/wp\/v2\/product\/427964","targetHints":{"allow":["GET"]}}],"collection":[{"href":"https:\/\/irankiuzona.lt\/ru\/wp-json\/wp\/v2\/product"}],"about":[{"href":"https:\/\/irankiuzona.lt\/ru\/wp-json\/wp\/v2\/types\/product"}],"replies":[{"embeddable":true,"href":"https:\/\/irankiuzona.lt\/ru\/wp-json\/wp\/v2\/comments?post=427964"}],"version-history":[{"count":1,"href":"https:\/\/irankiuzona.lt\/ru\/wp-json\/wp\/v2\/product\/427964\/revisions"}],"predecessor-version":[{"id":427965,"href":"https:\/\/irankiuzona.lt\/ru\/wp-json\/wp\/v2\/product\/427964\/revisions\/427965"}],"wp:featuredmedia":[{"embeddable":true,"href":"https:\/\/irankiuzona.lt\/ru\/wp-json\/wp\/v2\/media\/427966"}],"wp:attachment":[{"href":"https:\/\/irankiuzona.lt\/ru\/wp-json\/wp\/v2\/media?parent=427964"}],"wp:term":[{"taxonomy":"product_cat","embeddable":true,"href":"https:\/\/irankiuzona.lt\/ru\/wp-json\/wp\/v2\/product_cat?post=427964"},{"taxonomy":"product_tag","embeddable":true,"href":"https:\/\/irankiuzona.lt\/ru\/wp-json\/wp\/v2\/product_tag?post=427964"}],"curies":[{"name":"wp","href":"https:\/\/api.w.org\/{rel}","templated":true}]}}