{"id":427967,"date":"2025-11-18T20:14:02","date_gmt":"2025-11-18T20:14:02","guid":{"rendered":"https:\/\/irankiuzona.lt\/product\/irankis-multifunkcinis-jump-starter-1200a\/"},"modified":"2026-04-13T08:56:15","modified_gmt":"2026-04-13T08:56:15","slug":"irankis-multifunkcinis-jump-starter-1200a","status":"publish","type":"product","link":"https:\/\/irankiuzona.lt\/ru\/product\/irankis-multifunkcinis-jump-starter-1200a\/","title":{"rendered":"\u012erankis multifunkcinis Jump Starter 1200A"},"content":{"rendered":"<p>Pagrindin\u0117s savyb\u0117s:\u2705 U\u017evedimo maitinimas \u2013 Palaiko benzininius variklius iki 9,0 l ir dyzelinius variklius iki 7,0 l\u2705 LED ekranas \u2013 Rodo \u012fkrovimo lyg\u012f ir aktyvius i\u0161vesties prievadus\u2705 Ne\u0161iojamoji baterija \u2013 \u012ekrauna telefonus, plan\u0161etinius kompiuterius ir plan\u0161etinius kompiuterius per USB prievad\u0105\u2705 Oro kompresorius \u2013 Pripu\u010dia padangas ir automati\u0161kai sustoja, kai pasiekiamas nustatytas sl\u0117gis\u2705 LED \u017eibintuv\u0117lis \u2013 1 W, idealiai tinka darbui tamsoje arba avarin\u0117se situacijose<br \/>\nTechnin\u0117s specifikacijos:\u2699\ufe0f Did\u017eiausia srov\u0117: 1200 A\u2699\ufe0f Baterijos talpa: 10000 mAh\u2699\ufe0f I\u0161\u0117jimo \u012ftampa: 12 V \/ 10 A\u2699\ufe0f USB-C \u012fvestis: 5 V \/ 3 A\u2699\ufe0f Palaiko: benzininius variklius iki 9,0 l \/ dyzelinius variklius iki 7,0 l\u2699\ufe0f Darbin\u0117 temperat\u016bra: nuo -20 \u2103 iki +60 \u2103\u2699\ufe0f Kompresoriaus na\u0161umas: 25 l\/min\u2699\ufe0f LED \u017eibintuv\u0117lio galia: 1 W\u2699\ufe0f \u012ekrovimo laikas: ma\u017edaug 5 valandos<\/p>","protected":false},"excerpt":{"rendered":"<p>DAUGIAFUNKCINIS \u012eRENGINYS \/\u00a0 1200A KD5492<\/p>","protected":false},"featured_media":427969,"comment_status":"open","ping_status":"closed","template":"","meta":[],"product_cat":[9881],"product_tag":[10104],"class_list":{"0":"post-427967","1":"product","2":"type-product","3":"status-publish","4":"has-post-thumbnail","6":"product_brand-kraftdele","7":"product_cat-ikrovikliai-akumuliatoriams-akumuliatoriu-testeriai","8":"product_tag-kraftdele","10":"first","11":"outofstock","12":"purchasable","13":"product-type-simple"},"jetpack_sharing_enabled":true,"_links":{"self":[{"href":"https:\/\/irankiuzona.lt\/ru\/wp-json\/wp\/v2\/product\/427967","targetHints":{"allow":["GET"]}}],"collection":[{"href":"https:\/\/irankiuzona.lt\/ru\/wp-json\/wp\/v2\/product"}],"about":[{"href":"https:\/\/irankiuzona.lt\/ru\/wp-json\/wp\/v2\/types\/product"}],"replies":[{"embeddable":true,"href":"https:\/\/irankiuzona.lt\/ru\/wp-json\/wp\/v2\/comments?post=427967"}],"version-history":[{"count":1,"href":"https:\/\/irankiuzona.lt\/ru\/wp-json\/wp\/v2\/product\/427967\/revisions"}],"predecessor-version":[{"id":427968,"href":"https:\/\/irankiuzona.lt\/ru\/wp-json\/wp\/v2\/product\/427967\/revisions\/427968"}],"wp:featuredmedia":[{"embeddable":true,"href":"https:\/\/irankiuzona.lt\/ru\/wp-json\/wp\/v2\/media\/427969"}],"wp:attachment":[{"href":"https:\/\/irankiuzona.lt\/ru\/wp-json\/wp\/v2\/media?parent=427967"}],"wp:term":[{"taxonomy":"product_cat","embeddable":true,"href":"https:\/\/irankiuzona.lt\/ru\/wp-json\/wp\/v2\/product_cat?post=427967"},{"taxonomy":"product_tag","embeddable":true,"href":"https:\/\/irankiuzona.lt\/ru\/wp-json\/wp\/v2\/product_tag?post=427967"}],"curies":[{"name":"wp","href":"https:\/\/api.w.org\/{rel}","templated":true}]}}