{"id":427970,"date":"2025-11-18T20:14:09","date_gmt":"2025-11-18T20:14:09","guid":{"rendered":"https:\/\/irankiuzona.lt\/product\/varztu-issukejai-26vnt\/"},"modified":"2026-04-13T10:20:46","modified_gmt":"2026-04-13T10:20:46","slug":"varztu-issukejai-26vnt","status":"publish","type":"product","link":"https:\/\/irankiuzona.lt\/ru\/product\/varztu-issukejai-26vnt\/","title":{"rendered":"Var\u017et\u0173 i\u0161suk\u0117jai *26vnt."},"content":{"rendered":"<p>PRODUKTO SAVYB\u0116S\u2705 26 dali\u0173 rinkinys darbui su nuluptais, pa\u017eeistais ir sur\u016bdijusiais var\u017etais<br \/>\n\u2705 Auk\u0161tos kokyb\u0117s plienas maksimaliam patvarumui<br \/>\n\u2705 Suderinamas su dauguma standartini\u0173 gr\u0105\u017et\u0173 ir pneumatini\u0173 \u012franki\u0173<br \/>\n\u2705 Ergonomi\u0161kas dizainas patogiam ir lengvam naudojimui<br \/>\n\u2705 Universalus rinkinys, \u012fskaitant \u012fvairi\u0173 dyd\u017ei\u0173 var\u017et\u0173 i\u0161traukiklius<br \/>\n\u2705 Atspar\u016bs dilimui ir ilgaam\u017eiai \u012frankiai<br \/>\n\u2705 Kompakti\u0161kas rinkinys prakti\u0161kame d\u0117kle, kad b\u016bt\u0173 lengva transportuoti ir susitvarkyti<br \/>\n\u2699\ufe0f Modelis: KD5988\u2699\ufe0f Detali\u0173 skai\u010dius: 26\u2699\ufe0f Med\u017eiaga: Auk\u0161tos kokyb\u0117s plienas\u2699\ufe0f Pritaikymas: Nulau\u017et\u0173 ir pa\u017eeist\u0173 var\u017et\u0173 atsukimas\u2699\ufe0f Suderinamumas: Gr\u0119\u017etuvai, pneumatiniai \u012frankiai<br \/>\nRINKIN\u012e \u012eSKAI\u010cIUOTA\u2699\ufe0f Atsuktuvai: 1\/4&#8243;, 8 mm, 3\/8&#8243;, 10 mm, 11 mm, 12 mm, 1\/2&#8243;, 13 mm, 14 mm, 16 mm, 17 mm, 11\/16&#8243;, 19 mm\u2699\ufe0f Atsuktuvai: 1#, 2#, 3#, 4#, 5#, 6#\u2699\ufe0f Gr\u0105\u017etai: 2,4 mm, 3,2 mm, 4 mm, 6,4 mm, 7,2 mm, 9,5 mm\u2699\ufe0f 3\/8&#8243; prailginimas iki HEX<\/p>","protected":false},"excerpt":{"rendered":"<p>26 dali\u0173 var\u017et\u0173 i\u0161traukiklis KD5988<\/p>","protected":false},"featured_media":427972,"comment_status":"open","ping_status":"closed","template":"","meta":[],"product_cat":[9557],"product_tag":[10104],"class_list":{"0":"post-427970","1":"product","2":"type-product","3":"status-publish","4":"has-post-thumbnail","6":"product_brand-kraftdele","7":"product_cat-nulauztu-varztu-issukimo-irankiai","8":"product_tag-kraftdele","10":"first","11":"outofstock","12":"purchasable","13":"product-type-simple"},"jetpack_sharing_enabled":true,"_links":{"self":[{"href":"https:\/\/irankiuzona.lt\/ru\/wp-json\/wp\/v2\/product\/427970","targetHints":{"allow":["GET"]}}],"collection":[{"href":"https:\/\/irankiuzona.lt\/ru\/wp-json\/wp\/v2\/product"}],"about":[{"href":"https:\/\/irankiuzona.lt\/ru\/wp-json\/wp\/v2\/types\/product"}],"replies":[{"embeddable":true,"href":"https:\/\/irankiuzona.lt\/ru\/wp-json\/wp\/v2\/comments?post=427970"}],"version-history":[{"count":2,"href":"https:\/\/irankiuzona.lt\/ru\/wp-json\/wp\/v2\/product\/427970\/revisions"}],"predecessor-version":[{"id":428185,"href":"https:\/\/irankiuzona.lt\/ru\/wp-json\/wp\/v2\/product\/427970\/revisions\/428185"}],"wp:featuredmedia":[{"embeddable":true,"href":"https:\/\/irankiuzona.lt\/ru\/wp-json\/wp\/v2\/media\/427972"}],"wp:attachment":[{"href":"https:\/\/irankiuzona.lt\/ru\/wp-json\/wp\/v2\/media?parent=427970"}],"wp:term":[{"taxonomy":"product_cat","embeddable":true,"href":"https:\/\/irankiuzona.lt\/ru\/wp-json\/wp\/v2\/product_cat?post=427970"},{"taxonomy":"product_tag","embeddable":true,"href":"https:\/\/irankiuzona.lt\/ru\/wp-json\/wp\/v2\/product_tag?post=427970"}],"curies":[{"name":"wp","href":"https:\/\/api.w.org\/{rel}","templated":true}]}}