{"id":428003,"date":"2025-11-18T20:14:52","date_gmt":"2025-11-18T20:14:52","guid":{"rendered":"https:\/\/irankiuzona.lt\/product\/virve-padangu-remontui-6x200-25-vnt\/"},"modified":"2026-04-15T01:06:08","modified_gmt":"2026-04-15T01:06:08","slug":"virve-padangu-remontui-6x200-25-vnt","status":"publish","type":"product","link":"https:\/\/irankiuzona.lt\/ru\/product\/virve-padangu-remontui-6x200-25-vnt\/","title":{"rendered":"Virv\u0117 padang\u0173 remontui 6X200 25 vnt"},"content":{"rendered":"<p>Virv\u0117 padang\u0173 remontui 6X200 25 vnt<\/p>","protected":false},"excerpt":{"rendered":"<p>Virv\u0117 padang\u0173 remontui 6X200 25 vnt<\/p>","protected":false},"featured_media":428005,"comment_status":"open","ping_status":"open","template":"","meta":[],"product_cat":[9843],"product_tag":[9435],"class_list":{"0":"post-428003","1":"product","2":"type-product","3":"status-publish","4":"has-post-thumbnail","6":"product_brand-kinija","7":"product_cat-lopai-padangoms-kaisciai-virves","8":"product_tag-kinija","10":"first","11":"instock","12":"purchasable","13":"product-type-simple"},"jetpack_sharing_enabled":true,"_links":{"self":[{"href":"https:\/\/irankiuzona.lt\/ru\/wp-json\/wp\/v2\/product\/428003","targetHints":{"allow":["GET"]}}],"collection":[{"href":"https:\/\/irankiuzona.lt\/ru\/wp-json\/wp\/v2\/product"}],"about":[{"href":"https:\/\/irankiuzona.lt\/ru\/wp-json\/wp\/v2\/types\/product"}],"replies":[{"embeddable":true,"href":"https:\/\/irankiuzona.lt\/ru\/wp-json\/wp\/v2\/comments?post=428003"}],"version-history":[{"count":1,"href":"https:\/\/irankiuzona.lt\/ru\/wp-json\/wp\/v2\/product\/428003\/revisions"}],"predecessor-version":[{"id":428004,"href":"https:\/\/irankiuzona.lt\/ru\/wp-json\/wp\/v2\/product\/428003\/revisions\/428004"}],"wp:featuredmedia":[{"embeddable":true,"href":"https:\/\/irankiuzona.lt\/ru\/wp-json\/wp\/v2\/media\/428005"}],"wp:attachment":[{"href":"https:\/\/irankiuzona.lt\/ru\/wp-json\/wp\/v2\/media?parent=428003"}],"wp:term":[{"taxonomy":"product_cat","embeddable":true,"href":"https:\/\/irankiuzona.lt\/ru\/wp-json\/wp\/v2\/product_cat?post=428003"},{"taxonomy":"product_tag","embeddable":true,"href":"https:\/\/irankiuzona.lt\/ru\/wp-json\/wp\/v2\/product_tag?post=428003"}],"curies":[{"name":"wp","href":"https:\/\/api.w.org\/{rel}","templated":true}]}}