{"id":428015,"date":"2025-11-18T20:15:02","date_gmt":"2025-11-18T20:15:02","guid":{"rendered":"https:\/\/irankiuzona.lt\/product\/universalus-rutuliniu-guoliu-traukikliu-komplektas\/"},"modified":"2026-04-17T14:29:20","modified_gmt":"2026-04-17T14:29:20","slug":"universalus-rutuliniu-guoliu-traukikliu-komplektas","status":"publish","type":"product","link":"https:\/\/irankiuzona.lt\/ru\/product\/universalus-rutuliniu-guoliu-traukikliu-komplektas\/","title":{"rendered":"Universalus rutulini\u0173 guoli\u0173 traukikli\u0173 komplektas"},"content":{"rendered":"<p>40CR material, black finishEasy and fast removing ball bearing by using the puller, for larger sized bearingSelect proper tips by ball diameterCONTENTS :1 PC. Puller yoke and center screw4PC. Extension rodBall ended threaded adapter :2 PC. 15.0mm \/ 2 PC. 17.4mm2 PC. 20.0mm \/ 2 PC. 25.2mm2 PC. 30.0mm \/ 2 PC. 36.4mm<\/p>","protected":false},"excerpt":{"rendered":"<p>Universalus rutulini\u0173 guolio traukikli\u0173 rinkinys | Maxi<\/p>","protected":false},"featured_media":428017,"comment_status":"open","ping_status":"open","template":"","meta":[],"product_cat":[9533],"product_tag":[9435],"class_list":{"0":"post-428015","1":"product","2":"type-product","3":"status-publish","4":"has-post-thumbnail","6":"product_brand-kinija","7":"product_cat-vidiniu-guoliu-nuemejai-istraukejai","8":"product_tag-kinija","10":"first","11":"instock","12":"purchasable","13":"product-type-simple"},"jetpack_sharing_enabled":true,"_links":{"self":[{"href":"https:\/\/irankiuzona.lt\/ru\/wp-json\/wp\/v2\/product\/428015","targetHints":{"allow":["GET"]}}],"collection":[{"href":"https:\/\/irankiuzona.lt\/ru\/wp-json\/wp\/v2\/product"}],"about":[{"href":"https:\/\/irankiuzona.lt\/ru\/wp-json\/wp\/v2\/types\/product"}],"replies":[{"embeddable":true,"href":"https:\/\/irankiuzona.lt\/ru\/wp-json\/wp\/v2\/comments?post=428015"}],"version-history":[{"count":1,"href":"https:\/\/irankiuzona.lt\/ru\/wp-json\/wp\/v2\/product\/428015\/revisions"}],"predecessor-version":[{"id":428016,"href":"https:\/\/irankiuzona.lt\/ru\/wp-json\/wp\/v2\/product\/428015\/revisions\/428016"}],"wp:featuredmedia":[{"embeddable":true,"href":"https:\/\/irankiuzona.lt\/ru\/wp-json\/wp\/v2\/media\/428017"}],"wp:attachment":[{"href":"https:\/\/irankiuzona.lt\/ru\/wp-json\/wp\/v2\/media?parent=428015"}],"wp:term":[{"taxonomy":"product_cat","embeddable":true,"href":"https:\/\/irankiuzona.lt\/ru\/wp-json\/wp\/v2\/product_cat?post=428015"},{"taxonomy":"product_tag","embeddable":true,"href":"https:\/\/irankiuzona.lt\/ru\/wp-json\/wp\/v2\/product_tag?post=428015"}],"curies":[{"name":"wp","href":"https:\/\/api.w.org\/{rel}","templated":true}]}}