{"id":428018,"date":"2025-11-18T20:15:37","date_gmt":"2025-11-18T20:15:37","guid":{"rendered":"https:\/\/irankiuzona.lt\/product\/variklio-blokavimo-bmw-n20-n26-irankiu-kompl-full\/"},"modified":"2026-04-17T15:45:21","modified_gmt":"2026-04-17T15:45:21","slug":"variklio-blokavimo-bmw-n20-n26-irankiu-kompl-full","status":"publish","type":"product","link":"https:\/\/irankiuzona.lt\/ru\/product\/variklio-blokavimo-bmw-n20-n26-irankiu-kompl-full\/","title":{"rendered":"Variklio blokavimo BMW N20 N26 \u012franki\u0173 kompl. full"},"content":{"rendered":"<p>Paskirstymo veleno suvedimo laikiklio \u012franki\u0173 rinkinys BMW N20 N26 varikliui, su smagra\u010dio laikiklio \u012frankiu, balansinio veleno \u012frankiu ir kuro purk\u0161tuko nu\u0117mimo rinkiniu<br \/>\n\u0160iame \u012franki\u0173 rinkinyje yra paskirstymo veleno laikiklio \u012frankis, smagra\u010dio laikiklio \u012frankis, balansinio veleno \u012frankis, kuro purk\u0161tuko nu\u0117mimo \u012frankis ir variklio k\u0117limo kablys. \u0160iame rinkinyje yra daugiau \u012franki\u0173 nei kituose \u012franki\u0173 rinkiniuose, jis turi platesnes funkcijas ir gali patenkinti \u012fvairesnius j\u016bs\u0173 poreikius, kad j\u016bs\u0173 darbas b\u016bt\u0173 patogesnis.<br \/>\nSkirstymo veleno laikiklio \u012frankis: Naudojamas paskirstymo veleno patikrinimui ir teisingam paskirstymo veleno pad\u0117\u010diai nustatyti kei\u010diant paskirstymo dir\u017e\u0105. Suderinamas su BMW N20 ir N26 varikliais (4 cilindr\u0173 turbo). OEM ekvivalento dalies numeris: 212 831, 119 340, 212 830, 219 548.<br \/>\n2801 Smagra\u010dio laikiklio \u012frankis: Naudojamas transmisijos lanks\u010diajai plok\u0161tei u\u017efiksuoti, kad b\u016bt\u0173 galima atlikti paskirstymo dir\u017eo aptarnavim\u0105 BMW N20 \/ N26 variklyje. Pritvirtinkite alk\u016bnin\u012f velen\u0105 su sumontuota transmisija. Kei\u010diant paskirstymo grandin\u0119, \u012frankis gali laikyti smagrat\u012f. Jis padeda atlaisvinti ir priver\u017eti centrinius vibruojan\u010dio slopintuvo var\u017etus.<br \/>\nKuro purk\u0161tuko i\u0161\u0117mimo \u012frankis: Naudojamas purk\u0161tukui i\u0161traukti ir nuimti. Suderinamas su BMW N14 N18 N20 N26 N47 N53 N54 N55 N63 S63 varikliu.<\/p>","protected":false},"excerpt":{"rendered":"<p>Variklio fiksavimo \u012franki\u0173 rinkinys | BMW N20 N26<\/p>","protected":false},"featured_media":428020,"comment_status":"open","ping_status":"closed","template":"","meta":[],"product_cat":[9689],"product_tag":[9435],"class_list":{"0":"post-428018","1":"product","2":"type-product","3":"status-publish","4":"has-post-thumbnail","6":"product_brand-kinija","7":"product_cat-bmw-blokatoriai","8":"product_tag-kinija","10":"first","11":"instock","12":"purchasable","13":"product-type-simple"},"jetpack_sharing_enabled":true,"_links":{"self":[{"href":"https:\/\/irankiuzona.lt\/ru\/wp-json\/wp\/v2\/product\/428018","targetHints":{"allow":["GET"]}}],"collection":[{"href":"https:\/\/irankiuzona.lt\/ru\/wp-json\/wp\/v2\/product"}],"about":[{"href":"https:\/\/irankiuzona.lt\/ru\/wp-json\/wp\/v2\/types\/product"}],"replies":[{"embeddable":true,"href":"https:\/\/irankiuzona.lt\/ru\/wp-json\/wp\/v2\/comments?post=428018"}],"version-history":[{"count":1,"href":"https:\/\/irankiuzona.lt\/ru\/wp-json\/wp\/v2\/product\/428018\/revisions"}],"predecessor-version":[{"id":428019,"href":"https:\/\/irankiuzona.lt\/ru\/wp-json\/wp\/v2\/product\/428018\/revisions\/428019"}],"wp:featuredmedia":[{"embeddable":true,"href":"https:\/\/irankiuzona.lt\/ru\/wp-json\/wp\/v2\/media\/428020"}],"wp:attachment":[{"href":"https:\/\/irankiuzona.lt\/ru\/wp-json\/wp\/v2\/media?parent=428018"}],"wp:term":[{"taxonomy":"product_cat","embeddable":true,"href":"https:\/\/irankiuzona.lt\/ru\/wp-json\/wp\/v2\/product_cat?post=428018"},{"taxonomy":"product_tag","embeddable":true,"href":"https:\/\/irankiuzona.lt\/ru\/wp-json\/wp\/v2\/product_tag?post=428018"}],"curies":[{"name":"wp","href":"https:\/\/api.w.org\/{rel}","templated":true}]}}