{"id":428027,"date":"2025-11-18T20:16:56","date_gmt":"2025-11-18T20:16:56","guid":{"rendered":"https:\/\/irankiuzona.lt\/product\/irankis-pakabos-stebules-statramscio-ispletimui\/"},"modified":"2026-04-17T21:11:40","modified_gmt":"2026-04-17T21:11:40","slug":"irankis-pakabos-stebules-statramscio-ispletimui","status":"publish","type":"product","link":"https:\/\/irankiuzona.lt\/ru\/product\/irankis-pakabos-stebules-statramscio-ispletimui\/","title":{"rendered":"\u012erankis pakabos stebul\u0117s, statrams\u010dio i\u0161pl\u0117timui"},"content":{"rendered":"<p>Amortizatori\u0173 i\u0161\u0117mimo \/ statram\u0161\u010dio i\u0161pl\u0117timo \u012frankis gali greitai pad\u0117ti nuimti amortizatori\u0173\u012f i\u0161 rato guolio korpuso.VW, Audi, Ford, BMW, Peugeot, Renault, Seat, Skoda, japoni\u0161komis transporto priemon\u0117mis ir t.t.<\/p>","protected":false},"excerpt":{"rendered":"<p>Pakabos statrams\u010di\u0173 i\u0161pl\u0117timo \u012frankis<\/p>","protected":false},"featured_media":428029,"comment_status":"open","ping_status":"closed","template":"","meta":[],"product_cat":[9545],"product_tag":[9435],"class_list":{"0":"post-428027","1":"product","2":"type-product","3":"status-publish","4":"has-post-thumbnail","6":"product_brand-kinija","7":"product_cat-irankiai-amortizatoriams","8":"product_tag-kinija","10":"first","11":"outofstock","12":"purchasable","13":"product-type-simple"},"jetpack_sharing_enabled":true,"_links":{"self":[{"href":"https:\/\/irankiuzona.lt\/ru\/wp-json\/wp\/v2\/product\/428027","targetHints":{"allow":["GET"]}}],"collection":[{"href":"https:\/\/irankiuzona.lt\/ru\/wp-json\/wp\/v2\/product"}],"about":[{"href":"https:\/\/irankiuzona.lt\/ru\/wp-json\/wp\/v2\/types\/product"}],"replies":[{"embeddable":true,"href":"https:\/\/irankiuzona.lt\/ru\/wp-json\/wp\/v2\/comments?post=428027"}],"version-history":[{"count":1,"href":"https:\/\/irankiuzona.lt\/ru\/wp-json\/wp\/v2\/product\/428027\/revisions"}],"predecessor-version":[{"id":428028,"href":"https:\/\/irankiuzona.lt\/ru\/wp-json\/wp\/v2\/product\/428027\/revisions\/428028"}],"wp:featuredmedia":[{"embeddable":true,"href":"https:\/\/irankiuzona.lt\/ru\/wp-json\/wp\/v2\/media\/428029"}],"wp:attachment":[{"href":"https:\/\/irankiuzona.lt\/ru\/wp-json\/wp\/v2\/media?parent=428027"}],"wp:term":[{"taxonomy":"product_cat","embeddable":true,"href":"https:\/\/irankiuzona.lt\/ru\/wp-json\/wp\/v2\/product_cat?post=428027"},{"taxonomy":"product_tag","embeddable":true,"href":"https:\/\/irankiuzona.lt\/ru\/wp-json\/wp\/v2\/product_tag?post=428027"}],"curies":[{"name":"wp","href":"https:\/\/api.w.org\/{rel}","templated":true}]}}