{"id":428030,"date":"2025-11-18T20:17:36","date_gmt":"2025-11-18T20:17:36","guid":{"rendered":"https:\/\/irankiuzona.lt\/product\/stabdziu-sistemos-nuorinimo-irankiai-su-pompa-2\/"},"modified":"2026-04-17T22:03:22","modified_gmt":"2026-04-17T22:03:22","slug":"stabdziu-sistemos-nuorinimo-irankiai-su-pompa-2","status":"publish","type":"product","link":"https:\/\/irankiuzona.lt\/ru\/product\/stabdziu-sistemos-nuorinimo-irankiai-su-pompa-2\/","title":{"rendered":"Stabd\u017ei\u0173 sistemos nuorinimo \u012frankiai su pompa"},"content":{"rendered":"<p>Portable and lightweight with a 4L capacity.Kit included and adapter to fit 90% of vehicles on the road today.Utilised the one way siphoning method.Pressure release valve and quick release connectors.This is a must have kit suitable for garages, workshops and mobile repairs.<\/p>","protected":false},"excerpt":{"rendered":"<p>Universalus rankinis stabd\u017ei\u0173 prapompavimo \u012frenginys<\/p>","protected":false},"featured_media":428032,"comment_status":"open","ping_status":"open","template":"","meta":[],"product_cat":[10031],"product_tag":[9435],"class_list":{"0":"post-428030","1":"product","2":"type-product","3":"status-publish","4":"has-post-thumbnail","6":"product_brand-kinija","7":"product_cat-tepalo-uzpildymo-surinkimo-iranga-talpos-tepalams","8":"product_tag-kinija","10":"first","11":"instock","12":"purchasable","13":"product-type-simple"},"jetpack_sharing_enabled":true,"_links":{"self":[{"href":"https:\/\/irankiuzona.lt\/ru\/wp-json\/wp\/v2\/product\/428030","targetHints":{"allow":["GET"]}}],"collection":[{"href":"https:\/\/irankiuzona.lt\/ru\/wp-json\/wp\/v2\/product"}],"about":[{"href":"https:\/\/irankiuzona.lt\/ru\/wp-json\/wp\/v2\/types\/product"}],"replies":[{"embeddable":true,"href":"https:\/\/irankiuzona.lt\/ru\/wp-json\/wp\/v2\/comments?post=428030"}],"version-history":[{"count":1,"href":"https:\/\/irankiuzona.lt\/ru\/wp-json\/wp\/v2\/product\/428030\/revisions"}],"predecessor-version":[{"id":428031,"href":"https:\/\/irankiuzona.lt\/ru\/wp-json\/wp\/v2\/product\/428030\/revisions\/428031"}],"wp:featuredmedia":[{"embeddable":true,"href":"https:\/\/irankiuzona.lt\/ru\/wp-json\/wp\/v2\/media\/428032"}],"wp:attachment":[{"href":"https:\/\/irankiuzona.lt\/ru\/wp-json\/wp\/v2\/media?parent=428030"}],"wp:term":[{"taxonomy":"product_cat","embeddable":true,"href":"https:\/\/irankiuzona.lt\/ru\/wp-json\/wp\/v2\/product_cat?post=428030"},{"taxonomy":"product_tag","embeddable":true,"href":"https:\/\/irankiuzona.lt\/ru\/wp-json\/wp\/v2\/product_tag?post=428030"}],"curies":[{"name":"wp","href":"https:\/\/api.w.org\/{rel}","templated":true}]}}