{"id":428147,"date":"2025-11-18T20:20:27","date_gmt":"2025-11-18T20:20:27","guid":{"rendered":"https:\/\/irankiuzona.lt\/product\/presavimo-k-tas-universalus26\/"},"modified":"2026-05-09T16:56:09","modified_gmt":"2026-05-09T16:56:09","slug":"presavimo-k-tas-universalus26","status":"publish","type":"product","link":"https:\/\/irankiuzona.lt\/ru\/product\/presavimo-k-tas-universalus26\/","title":{"rendered":"Presavimo k-tas universalus*26"},"content":{"rendered":"<p>Med\u017eiaga: anglinis plienas. Sienel\u0117s storis 5 mm. R\u0117mo auk\u0161tis: 94 mm. I\u0161orinis skersmuo: 44, 46, 48, 50, 52, 54, 56, 58, 60, 62, 64, 66, 68, 70, 72, 74, 76, 78, 80, 82 mm. Kai\u0161\u010diai: 83 x 20 mm. Galios sriegiai: M10 x 1,5, M12 x 1,5, M14 x 1,5, M16 x 1,5 mm. Var\u017eto ilgis: 450 mm.<\/p>","protected":false},"excerpt":{"rendered":"<p>Universalus \u012franki\u0173 rinkinys \u012fvor\u0117ms, guoliams<\/p>","protected":false},"featured_media":428149,"comment_status":"open","ping_status":"closed","template":"","meta":[],"product_cat":[9731],"product_tag":[10143],"class_list":{"0":"post-428147","1":"product","2":"type-product","3":"status-publish","4":"has-post-thumbnail","6":"product_brand-jcb","7":"product_cat-guoliu-sailentbloku-presavimo-irankiai","8":"product_tag-jcb","10":"first","11":"instock","12":"purchasable","13":"product-type-simple"},"jetpack_sharing_enabled":true,"_links":{"self":[{"href":"https:\/\/irankiuzona.lt\/ru\/wp-json\/wp\/v2\/product\/428147","targetHints":{"allow":["GET"]}}],"collection":[{"href":"https:\/\/irankiuzona.lt\/ru\/wp-json\/wp\/v2\/product"}],"about":[{"href":"https:\/\/irankiuzona.lt\/ru\/wp-json\/wp\/v2\/types\/product"}],"replies":[{"embeddable":true,"href":"https:\/\/irankiuzona.lt\/ru\/wp-json\/wp\/v2\/comments?post=428147"}],"version-history":[{"count":1,"href":"https:\/\/irankiuzona.lt\/ru\/wp-json\/wp\/v2\/product\/428147\/revisions"}],"predecessor-version":[{"id":428148,"href":"https:\/\/irankiuzona.lt\/ru\/wp-json\/wp\/v2\/product\/428147\/revisions\/428148"}],"wp:featuredmedia":[{"embeddable":true,"href":"https:\/\/irankiuzona.lt\/ru\/wp-json\/wp\/v2\/media\/428149"}],"wp:attachment":[{"href":"https:\/\/irankiuzona.lt\/ru\/wp-json\/wp\/v2\/media?parent=428147"}],"wp:term":[{"taxonomy":"product_cat","embeddable":true,"href":"https:\/\/irankiuzona.lt\/ru\/wp-json\/wp\/v2\/product_cat?post=428147"},{"taxonomy":"product_tag","embeddable":true,"href":"https:\/\/irankiuzona.lt\/ru\/wp-json\/wp\/v2\/product_tag?post=428147"}],"curies":[{"name":"wp","href":"https:\/\/api.w.org\/{rel}","templated":true}]}}