{"id":428150,"date":"2025-11-18T20:20:34","date_gmt":"2025-11-18T20:20:34","guid":{"rendered":"https:\/\/irankiuzona.lt\/product\/zarna-gumine-815mm-10m\/"},"modified":"2026-05-06T22:06:36","modified_gmt":"2026-05-06T22:06:36","slug":"zarna-gumine-815mm-10m","status":"publish","type":"product","link":"https:\/\/irankiuzona.lt\/ru\/product\/zarna-gumine-815mm-10m\/","title":{"rendered":"\u017darna gumin\u0117 8*15mm 10m"},"content":{"rendered":"<p>Sustiprinta gumin\u0117 oro \u017earna su jungtimis 8 mm x 15 mm x 10 m (20\u201360 bar, darbin\u0117 temperat\u016bra nuo -30 iki +70 \u00b0C)<\/p>","protected":false},"excerpt":{"rendered":"<p>Sustiprinta gumin\u0117 oro \u017earna<\/p>","protected":false},"featured_media":428152,"comment_status":"open","ping_status":"open","template":"","meta":[],"product_cat":[9657],"product_tag":[9435],"class_list":{"0":"post-428150","1":"product","2":"type-product","3":"status-publish","4":"has-post-thumbnail","6":"product_brand-kinija","7":"product_cat-pneumatines-oro-zarnos","8":"product_tag-kinija","10":"first","11":"outofstock","12":"purchasable","13":"product-type-simple"},"jetpack_sharing_enabled":true,"_links":{"self":[{"href":"https:\/\/irankiuzona.lt\/ru\/wp-json\/wp\/v2\/product\/428150","targetHints":{"allow":["GET"]}}],"collection":[{"href":"https:\/\/irankiuzona.lt\/ru\/wp-json\/wp\/v2\/product"}],"about":[{"href":"https:\/\/irankiuzona.lt\/ru\/wp-json\/wp\/v2\/types\/product"}],"replies":[{"embeddable":true,"href":"https:\/\/irankiuzona.lt\/ru\/wp-json\/wp\/v2\/comments?post=428150"}],"version-history":[{"count":1,"href":"https:\/\/irankiuzona.lt\/ru\/wp-json\/wp\/v2\/product\/428150\/revisions"}],"predecessor-version":[{"id":428151,"href":"https:\/\/irankiuzona.lt\/ru\/wp-json\/wp\/v2\/product\/428150\/revisions\/428151"}],"wp:featuredmedia":[{"embeddable":true,"href":"https:\/\/irankiuzona.lt\/ru\/wp-json\/wp\/v2\/media\/428152"}],"wp:attachment":[{"href":"https:\/\/irankiuzona.lt\/ru\/wp-json\/wp\/v2\/media?parent=428150"}],"wp:term":[{"taxonomy":"product_cat","embeddable":true,"href":"https:\/\/irankiuzona.lt\/ru\/wp-json\/wp\/v2\/product_cat?post=428150"},{"taxonomy":"product_tag","embeddable":true,"href":"https:\/\/irankiuzona.lt\/ru\/wp-json\/wp\/v2\/product_tag?post=428150"}],"curies":[{"name":"wp","href":"https:\/\/api.w.org\/{rel}","templated":true}]}}