{"id":428209,"date":"2025-12-14T05:19:42","date_gmt":"2025-12-14T05:19:42","guid":{"rendered":"https:\/\/irankiuzona.lt\/product\/laikiklis-geleztei-300mm\/"},"modified":"2026-05-09T10:36:48","modified_gmt":"2026-05-09T10:36:48","slug":"laikiklis-geleztei-300mm","status":"publish","type":"product","link":"https:\/\/irankiuzona.lt\/ru\/product\/laikiklis-geleztei-300mm\/","title":{"rendered":"Laikiklis gele\u017etei 300mm"},"content":{"rendered":"<p>Pj\u016bklo diskas r\u0117me, mediena-metalas, dvipusis, 300 x 25 mm<\/p>","protected":false},"excerpt":{"rendered":"<p>300 x 25 mm<\/p>","protected":false},"featured_media":428211,"comment_status":"open","ping_status":"open","template":"","meta":[],"product_cat":[9632],"product_tag":[10151],"class_list":{"0":"post-428209","1":"product","2":"type-product","3":"status-publish","4":"has-post-thumbnail","6":"product_brand-lenkija-tiekejas","7":"product_cat-geleztes-metalui","8":"product_tag-lenkija-tiekejas","10":"first","11":"instock","12":"purchasable","13":"product-type-simple"},"jetpack_sharing_enabled":true,"_links":{"self":[{"href":"https:\/\/irankiuzona.lt\/ru\/wp-json\/wp\/v2\/product\/428209","targetHints":{"allow":["GET"]}}],"collection":[{"href":"https:\/\/irankiuzona.lt\/ru\/wp-json\/wp\/v2\/product"}],"about":[{"href":"https:\/\/irankiuzona.lt\/ru\/wp-json\/wp\/v2\/types\/product"}],"replies":[{"embeddable":true,"href":"https:\/\/irankiuzona.lt\/ru\/wp-json\/wp\/v2\/comments?post=428209"}],"version-history":[{"count":1,"href":"https:\/\/irankiuzona.lt\/ru\/wp-json\/wp\/v2\/product\/428209\/revisions"}],"predecessor-version":[{"id":428210,"href":"https:\/\/irankiuzona.lt\/ru\/wp-json\/wp\/v2\/product\/428209\/revisions\/428210"}],"wp:featuredmedia":[{"embeddable":true,"href":"https:\/\/irankiuzona.lt\/ru\/wp-json\/wp\/v2\/media\/428211"}],"wp:attachment":[{"href":"https:\/\/irankiuzona.lt\/ru\/wp-json\/wp\/v2\/media?parent=428209"}],"wp:term":[{"taxonomy":"product_cat","embeddable":true,"href":"https:\/\/irankiuzona.lt\/ru\/wp-json\/wp\/v2\/product_cat?post=428209"},{"taxonomy":"product_tag","embeddable":true,"href":"https:\/\/irankiuzona.lt\/ru\/wp-json\/wp\/v2\/product_tag?post=428209"}],"curies":[{"name":"wp","href":"https:\/\/api.w.org\/{rel}","templated":true}]}}