{"id":428219,"date":"2025-12-14T06:18:55","date_gmt":"2025-12-14T06:18:55","guid":{"rendered":"https:\/\/irankiuzona.lt\/product\/asies-veleno-sriegiamoji-galvute-m201-00-opel\/"},"modified":"2026-05-15T12:54:38","modified_gmt":"2026-05-15T12:54:38","slug":"asies-veleno-sriegiamoji-galvute-m201-00-opel","status":"publish","type":"product","link":"https:\/\/irankiuzona.lt\/ru\/product\/asies-veleno-sriegiamoji-galvute-m201-00-opel\/","title":{"rendered":"A\u0161ies veleno sriegiamoji galvut\u0117 M20*1.00 opel"},"content":{"rendered":"<p>A\u0161ies veleno sriegiamoji galvut\u0117 M20*1.00 Opel\u00a0\u00a0Sriegpjov\u0117 M20*1<\/p>","protected":false},"excerpt":{"rendered":"<p>M20*1.00 opel<br \/>\nSriegpjov\u0117 M20*1<\/p>","protected":false},"featured_media":428221,"comment_status":"open","ping_status":"open","template":"","meta":[],"product_cat":[9938],"product_tag":[9462],"class_list":{"0":"post-428219","1":"product","2":"type-product","3":"status-publish","4":"has-post-thumbnail","6":"product_brand-condor-werkzeug-vokietija","7":"product_cat-irankiai-sriegimui-sriegikliai-sriegpjoves-sriegmaciai","8":"product_tag-condor-werkzeug-vokietija","10":"first","11":"instock","12":"purchasable","13":"product-type-simple"},"jetpack_sharing_enabled":true,"_links":{"self":[{"href":"https:\/\/irankiuzona.lt\/ru\/wp-json\/wp\/v2\/product\/428219","targetHints":{"allow":["GET"]}}],"collection":[{"href":"https:\/\/irankiuzona.lt\/ru\/wp-json\/wp\/v2\/product"}],"about":[{"href":"https:\/\/irankiuzona.lt\/ru\/wp-json\/wp\/v2\/types\/product"}],"replies":[{"embeddable":true,"href":"https:\/\/irankiuzona.lt\/ru\/wp-json\/wp\/v2\/comments?post=428219"}],"version-history":[{"count":1,"href":"https:\/\/irankiuzona.lt\/ru\/wp-json\/wp\/v2\/product\/428219\/revisions"}],"predecessor-version":[{"id":428220,"href":"https:\/\/irankiuzona.lt\/ru\/wp-json\/wp\/v2\/product\/428219\/revisions\/428220"}],"wp:featuredmedia":[{"embeddable":true,"href":"https:\/\/irankiuzona.lt\/ru\/wp-json\/wp\/v2\/media\/428221"}],"wp:attachment":[{"href":"https:\/\/irankiuzona.lt\/ru\/wp-json\/wp\/v2\/media?parent=428219"}],"wp:term":[{"taxonomy":"product_cat","embeddable":true,"href":"https:\/\/irankiuzona.lt\/ru\/wp-json\/wp\/v2\/product_cat?post=428219"},{"taxonomy":"product_tag","embeddable":true,"href":"https:\/\/irankiuzona.lt\/ru\/wp-json\/wp\/v2\/product_tag?post=428219"}],"curies":[{"name":"wp","href":"https:\/\/api.w.org\/{rel}","templated":true}]}}