{"id":428275,"date":"2025-12-14T10:56:16","date_gmt":"2025-12-14T10:56:16","guid":{"rendered":"https:\/\/irankiuzona.lt\/product\/irankiai-lanksciu-zarnu-uzspaudimui\/"},"modified":"2026-04-13T00:56:47","modified_gmt":"2026-04-13T00:56:47","slug":"irankiai-lanksciu-zarnu-uzspaudimui","status":"publish","type":"product","link":"https:\/\/irankiuzona.lt\/ru\/product\/irankiai-lanksciu-zarnu-uzspaudimui\/","title":{"rendered":"\u012erankiai lank\u0161\u010di\u0173 \u017earn\u0173 u\u017espaudimui"},"content":{"rendered":"<p>Sukurtos lanks\u010dioms \u017earnoms tvirtinti, suapvalinta gnybt\u0173 sekcija, kad b\u016bt\u0173 i\u0161vengta \u017earnos pa\u017eeidimoGalima naudoti riboto prieinamumo erdv\u0117se<\/p>","protected":false},"excerpt":{"rendered":"<p>\u012erankis prailgintas lanks\u010di\u0173 \u017earn\u0173 u\u017espaudimui<\/p>","protected":false},"featured_media":428277,"comment_status":"open","ping_status":"open","template":"","meta":[],"product_cat":[9976],"product_tag":[],"class_list":{"0":"post-428275","1":"product","2":"type-product","3":"status-publish","4":"has-post-thumbnail","6":"product_cat-katalogas","8":"first","9":"instock","10":"purchasable","11":"product-type-simple"},"jetpack_sharing_enabled":true,"_links":{"self":[{"href":"https:\/\/irankiuzona.lt\/ru\/wp-json\/wp\/v2\/product\/428275","targetHints":{"allow":["GET"]}}],"collection":[{"href":"https:\/\/irankiuzona.lt\/ru\/wp-json\/wp\/v2\/product"}],"about":[{"href":"https:\/\/irankiuzona.lt\/ru\/wp-json\/wp\/v2\/types\/product"}],"replies":[{"embeddable":true,"href":"https:\/\/irankiuzona.lt\/ru\/wp-json\/wp\/v2\/comments?post=428275"}],"version-history":[{"count":1,"href":"https:\/\/irankiuzona.lt\/ru\/wp-json\/wp\/v2\/product\/428275\/revisions"}],"predecessor-version":[{"id":428276,"href":"https:\/\/irankiuzona.lt\/ru\/wp-json\/wp\/v2\/product\/428275\/revisions\/428276"}],"wp:featuredmedia":[{"embeddable":true,"href":"https:\/\/irankiuzona.lt\/ru\/wp-json\/wp\/v2\/media\/428277"}],"wp:attachment":[{"href":"https:\/\/irankiuzona.lt\/ru\/wp-json\/wp\/v2\/media?parent=428275"}],"wp:term":[{"taxonomy":"product_cat","embeddable":true,"href":"https:\/\/irankiuzona.lt\/ru\/wp-json\/wp\/v2\/product_cat?post=428275"},{"taxonomy":"product_tag","embeddable":true,"href":"https:\/\/irankiuzona.lt\/ru\/wp-json\/wp\/v2\/product_tag?post=428275"}],"curies":[{"name":"wp","href":"https:\/\/api.w.org\/{rel}","templated":true}]}}