{"id":428281,"date":"2025-12-14T10:59:01","date_gmt":"2025-12-14T10:59:01","guid":{"rendered":"https:\/\/irankiuzona.lt\/product\/apsauginis-cziedas-del-tr4337\/"},"modified":"2026-04-14T19:39:12","modified_gmt":"2026-04-14T19:39:12","slug":"apsauginis-cziedas-del-tr4337","status":"publish","type":"product","link":"https:\/\/irankiuzona.lt\/ru\/product\/apsauginis-cziedas-del-tr4337\/","title":{"rendered":"Apsauginis &quot;C&quot;\u017eiedas d\u0117l TR4337"},"content":{"rendered":"","protected":false},"excerpt":{"rendered":"<p>Apsauginis &quot;C&quot;\u017eiedas d\u0117l TR4337\u00a0<\/p>","protected":false},"featured_media":428283,"comment_status":"open","ping_status":"open","template":"","meta":[],"product_cat":[9797],"product_tag":[9778],"class_list":{"0":"post-428281","1":"product","2":"type-product","3":"status-publish","4":"has-post-thumbnail","6":"product_brand-triumf-professional-tools-slovakija","7":"product_cat-irankiai-ratu-slapukams-atsukti","8":"product_tag-triumf-professional-tools-slovakija","10":"first","11":"instock","12":"purchasable","13":"product-type-simple"},"jetpack_sharing_enabled":true,"_links":{"self":[{"href":"https:\/\/irankiuzona.lt\/ru\/wp-json\/wp\/v2\/product\/428281","targetHints":{"allow":["GET"]}}],"collection":[{"href":"https:\/\/irankiuzona.lt\/ru\/wp-json\/wp\/v2\/product"}],"about":[{"href":"https:\/\/irankiuzona.lt\/ru\/wp-json\/wp\/v2\/types\/product"}],"replies":[{"embeddable":true,"href":"https:\/\/irankiuzona.lt\/ru\/wp-json\/wp\/v2\/comments?post=428281"}],"version-history":[{"count":1,"href":"https:\/\/irankiuzona.lt\/ru\/wp-json\/wp\/v2\/product\/428281\/revisions"}],"predecessor-version":[{"id":428282,"href":"https:\/\/irankiuzona.lt\/ru\/wp-json\/wp\/v2\/product\/428281\/revisions\/428282"}],"wp:featuredmedia":[{"embeddable":true,"href":"https:\/\/irankiuzona.lt\/ru\/wp-json\/wp\/v2\/media\/428283"}],"wp:attachment":[{"href":"https:\/\/irankiuzona.lt\/ru\/wp-json\/wp\/v2\/media?parent=428281"}],"wp:term":[{"taxonomy":"product_cat","embeddable":true,"href":"https:\/\/irankiuzona.lt\/ru\/wp-json\/wp\/v2\/product_cat?post=428281"},{"taxonomy":"product_tag","embeddable":true,"href":"https:\/\/irankiuzona.lt\/ru\/wp-json\/wp\/v2\/product_tag?post=428281"}],"curies":[{"name":"wp","href":"https:\/\/api.w.org\/{rel}","templated":true}]}}