{"id":428353,"date":"2025-12-14T11:46:06","date_gmt":"2025-12-14T11:46:06","guid":{"rendered":"https:\/\/irankiuzona.lt\/product\/galvute-sugad-varztams-1-2-cr-mo-32mm\/"},"modified":"2026-04-20T09:07:16","modified_gmt":"2026-04-20T09:07:16","slug":"galvute-sugad-varztams-1-2-cr-mo-32mm","status":"publish","type":"product","link":"https:\/\/irankiuzona.lt\/ru\/product\/galvute-sugad-varztams-1-2-cr-mo-32mm\/","title":{"rendered":"Galvut\u0117 sugad. var\u017etams 1\/2&quot; Cr-Mo 32mm"},"content":{"rendered":"<p>Atsuka sugadintus var\u017etus ir ver\u017eles- K\u016bginis spiral\u0117s profilis traukia ver\u017el\u0119 \u012f save<\/p>","protected":false},"excerpt":{"rendered":"<p>Speciali galvut\u0117 \/ sraigtinis i\u0161traukiklis | 12,5 mm (1\/2&quot;) | 32 mm<\/p>","protected":false},"featured_media":428355,"comment_status":"open","ping_status":"open","template":"","meta":[],"product_cat":[9783],"product_tag":[9845],"class_list":{"0":"post-428353","1":"product","2":"type-product","3":"status-publish","4":"has-post-thumbnail","6":"product_brand-vokietija-germany","7":"product_cat-galvutes-sugadintiems-varztams-verzlems-po-1vnt","8":"product_tag-vokietija-germany","10":"first","11":"instock","12":"purchasable","13":"product-type-simple"},"jetpack_sharing_enabled":true,"_links":{"self":[{"href":"https:\/\/irankiuzona.lt\/ru\/wp-json\/wp\/v2\/product\/428353","targetHints":{"allow":["GET"]}}],"collection":[{"href":"https:\/\/irankiuzona.lt\/ru\/wp-json\/wp\/v2\/product"}],"about":[{"href":"https:\/\/irankiuzona.lt\/ru\/wp-json\/wp\/v2\/types\/product"}],"replies":[{"embeddable":true,"href":"https:\/\/irankiuzona.lt\/ru\/wp-json\/wp\/v2\/comments?post=428353"}],"version-history":[{"count":1,"href":"https:\/\/irankiuzona.lt\/ru\/wp-json\/wp\/v2\/product\/428353\/revisions"}],"predecessor-version":[{"id":428354,"href":"https:\/\/irankiuzona.lt\/ru\/wp-json\/wp\/v2\/product\/428353\/revisions\/428354"}],"wp:featuredmedia":[{"embeddable":true,"href":"https:\/\/irankiuzona.lt\/ru\/wp-json\/wp\/v2\/media\/428355"}],"wp:attachment":[{"href":"https:\/\/irankiuzona.lt\/ru\/wp-json\/wp\/v2\/media?parent=428353"}],"wp:term":[{"taxonomy":"product_cat","embeddable":true,"href":"https:\/\/irankiuzona.lt\/ru\/wp-json\/wp\/v2\/product_cat?post=428353"},{"taxonomy":"product_tag","embeddable":true,"href":"https:\/\/irankiuzona.lt\/ru\/wp-json\/wp\/v2\/product_tag?post=428353"}],"curies":[{"name":"wp","href":"https:\/\/api.w.org\/{rel}","templated":true}]}}