{"id":428356,"date":"2025-12-14T11:46:17","date_gmt":"2025-12-14T11:46:17","guid":{"rendered":"https:\/\/irankiuzona.lt\/product\/alyvos-isleidimo-varztai-m13x1-25-5vnt\/"},"modified":"2026-04-13T09:51:00","modified_gmt":"2026-04-13T09:51:00","slug":"alyvos-isleidimo-varztai-m13x1-25-5vnt","status":"publish","type":"product","link":"https:\/\/irankiuzona.lt\/ru\/product\/alyvos-isleidimo-varztai-m13x1-25-5vnt\/","title":{"rendered":"Alyvos i\u0161leidimo var\u017etai M13x1.25 (5vnt.)"},"content":{"rendered":"<p>Alyvos i\u0161leidimo var\u017etai M13 x 1.25 | 5 vnt<\/p>","protected":false},"excerpt":{"rendered":"<p>M13 x 1.25 | 5 vnt<\/p>","protected":false},"featured_media":428358,"comment_status":"open","ping_status":"open","template":"","meta":[],"product_cat":[9655],"product_tag":[9845],"class_list":{"0":"post-428356","1":"product","2":"type-product","3":"status-publish","4":"has-post-thumbnail","6":"product_brand-vokietija-germany","7":"product_cat-sugadintam-karterio-sriegiui","8":"product_tag-vokietija-germany","10":"first","11":"instock","12":"purchasable","13":"product-type-simple"},"jetpack_sharing_enabled":true,"_links":{"self":[{"href":"https:\/\/irankiuzona.lt\/ru\/wp-json\/wp\/v2\/product\/428356","targetHints":{"allow":["GET"]}}],"collection":[{"href":"https:\/\/irankiuzona.lt\/ru\/wp-json\/wp\/v2\/product"}],"about":[{"href":"https:\/\/irankiuzona.lt\/ru\/wp-json\/wp\/v2\/types\/product"}],"replies":[{"embeddable":true,"href":"https:\/\/irankiuzona.lt\/ru\/wp-json\/wp\/v2\/comments?post=428356"}],"version-history":[{"count":1,"href":"https:\/\/irankiuzona.lt\/ru\/wp-json\/wp\/v2\/product\/428356\/revisions"}],"predecessor-version":[{"id":428357,"href":"https:\/\/irankiuzona.lt\/ru\/wp-json\/wp\/v2\/product\/428356\/revisions\/428357"}],"wp:featuredmedia":[{"embeddable":true,"href":"https:\/\/irankiuzona.lt\/ru\/wp-json\/wp\/v2\/media\/428358"}],"wp:attachment":[{"href":"https:\/\/irankiuzona.lt\/ru\/wp-json\/wp\/v2\/media?parent=428356"}],"wp:term":[{"taxonomy":"product_cat","embeddable":true,"href":"https:\/\/irankiuzona.lt\/ru\/wp-json\/wp\/v2\/product_cat?post=428356"},{"taxonomy":"product_tag","embeddable":true,"href":"https:\/\/irankiuzona.lt\/ru\/wp-json\/wp\/v2\/product_tag?post=428356"}],"curies":[{"name":"wp","href":"https:\/\/api.w.org\/{rel}","templated":true}]}}