{"id":428362,"date":"2025-12-14T11:53:32","date_gmt":"2025-12-14T11:53:32","guid":{"rendered":"https:\/\/irankiuzona.lt\/product\/santechnines-vidines-atsukimo-galvutes-3vnt\/"},"modified":"2026-03-01T15:10:59","modified_gmt":"2026-03-01T15:10:59","slug":"santechnines-vidines-atsukimo-galvutes-3vnt","status":"publish","type":"product","link":"https:\/\/irankiuzona.lt\/ru\/product\/santechnines-vidines-atsukimo-galvutes-3vnt\/","title":{"rendered":"Santechnin\u0117s vidin\u0117s atsukimo galvut\u0117s 3vnt."},"content":{"rendered":"<p>Vidini\u0173 ver\u017eliarak\u010di\u0173 rinkinys vamzd\u017e\u0173 jungiam\u0173j\u0173 detali\u0173 atsukimui<\/p>","protected":false},"excerpt":{"rendered":"<p>Vidini\u0173 ver\u017eliarak\u010di\u0173 rinkinys vamzd\u017e\u0173 jungiam\u0173j\u0173 detali\u0173 atsukimui<\/p>","protected":false},"featured_media":428364,"comment_status":"open","ping_status":"open","template":"","meta":[],"product_cat":[9566],"product_tag":[9483],"class_list":{"0":"post-428362","1":"product","2":"type-product","3":"status-publish","4":"has-post-thumbnail","6":"product_brand-yato-lenkija","7":"product_cat-raktai","8":"product_tag-yato-lenkija","10":"first","11":"instock","12":"purchasable","13":"product-type-simple"},"jetpack_sharing_enabled":true,"_links":{"self":[{"href":"https:\/\/irankiuzona.lt\/ru\/wp-json\/wp\/v2\/product\/428362","targetHints":{"allow":["GET"]}}],"collection":[{"href":"https:\/\/irankiuzona.lt\/ru\/wp-json\/wp\/v2\/product"}],"about":[{"href":"https:\/\/irankiuzona.lt\/ru\/wp-json\/wp\/v2\/types\/product"}],"replies":[{"embeddable":true,"href":"https:\/\/irankiuzona.lt\/ru\/wp-json\/wp\/v2\/comments?post=428362"}],"version-history":[{"count":1,"href":"https:\/\/irankiuzona.lt\/ru\/wp-json\/wp\/v2\/product\/428362\/revisions"}],"predecessor-version":[{"id":428363,"href":"https:\/\/irankiuzona.lt\/ru\/wp-json\/wp\/v2\/product\/428362\/revisions\/428363"}],"wp:featuredmedia":[{"embeddable":true,"href":"https:\/\/irankiuzona.lt\/ru\/wp-json\/wp\/v2\/media\/428364"}],"wp:attachment":[{"href":"https:\/\/irankiuzona.lt\/ru\/wp-json\/wp\/v2\/media?parent=428362"}],"wp:term":[{"taxonomy":"product_cat","embeddable":true,"href":"https:\/\/irankiuzona.lt\/ru\/wp-json\/wp\/v2\/product_cat?post=428362"},{"taxonomy":"product_tag","embeddable":true,"href":"https:\/\/irankiuzona.lt\/ru\/wp-json\/wp\/v2\/product_tag?post=428362"}],"curies":[{"name":"wp","href":"https:\/\/api.w.org\/{rel}","templated":true}]}}