{"id":428365,"date":"2025-12-14T11:54:01","date_gmt":"2025-12-14T11:54:01","guid":{"rendered":"https:\/\/irankiuzona.lt\/product\/dzemperis-su-uztrauktuku-pilkas-s-2\/"},"modified":"2026-04-15T15:50:49","modified_gmt":"2026-04-15T15:50:49","slug":"dzemperis-su-uztrauktuku-pilkas-s-2","status":"publish","type":"product","link":"https:\/\/irankiuzona.lt\/ru\/product\/dzemperis-su-uztrauktuku-pilkas-s-2\/","title":{"rendered":"D\u017eemperis su u\u017etrauktuku, pilkas, S"},"content":{"rendered":"<p>. med\u017eiaga: mezginys 100% poliesteris 290 g\/m\u00b2;. 2 apatin\u0117s ki\u0161en\u0117s su u\u017etrauktuku;. reguliuojama megztinio apa\u010dia, kuri tiksliai priglunda prie k\u016bno ir apsaugo nuo \u0161ilumos praradimo;. guminis rankogalis;. klasikinis, sportinis stilius, tinkantis vyri\u0161kam k\u016bnui.<\/p>","protected":false},"excerpt":{"rendered":"<p>D\u017eemperis su u\u017etrauktuku, pilkas, S<\/p>","protected":false},"featured_media":263620,"comment_status":"open","ping_status":"open","template":"","meta":[],"product_cat":[10082],"product_tag":[9969],"class_list":{"0":"post-428365","1":"product","2":"type-product","3":"status-publish","4":"has-post-thumbnail","6":"product_brand-hogert-technik-vokietija","7":"product_cat-darbiniai-dzemperiai","8":"product_tag-hogert-technik-vokietija","10":"first","11":"instock","12":"purchasable","13":"product-type-simple"},"jetpack_sharing_enabled":true,"_links":{"self":[{"href":"https:\/\/irankiuzona.lt\/ru\/wp-json\/wp\/v2\/product\/428365","targetHints":{"allow":["GET"]}}],"collection":[{"href":"https:\/\/irankiuzona.lt\/ru\/wp-json\/wp\/v2\/product"}],"about":[{"href":"https:\/\/irankiuzona.lt\/ru\/wp-json\/wp\/v2\/types\/product"}],"replies":[{"embeddable":true,"href":"https:\/\/irankiuzona.lt\/ru\/wp-json\/wp\/v2\/comments?post=428365"}],"version-history":[{"count":1,"href":"https:\/\/irankiuzona.lt\/ru\/wp-json\/wp\/v2\/product\/428365\/revisions"}],"predecessor-version":[{"id":428366,"href":"https:\/\/irankiuzona.lt\/ru\/wp-json\/wp\/v2\/product\/428365\/revisions\/428366"}],"wp:featuredmedia":[{"embeddable":true,"href":"https:\/\/irankiuzona.lt\/ru\/wp-json\/wp\/v2\/media\/263620"}],"wp:attachment":[{"href":"https:\/\/irankiuzona.lt\/ru\/wp-json\/wp\/v2\/media?parent=428365"}],"wp:term":[{"taxonomy":"product_cat","embeddable":true,"href":"https:\/\/irankiuzona.lt\/ru\/wp-json\/wp\/v2\/product_cat?post=428365"},{"taxonomy":"product_tag","embeddable":true,"href":"https:\/\/irankiuzona.lt\/ru\/wp-json\/wp\/v2\/product_tag?post=428365"}],"curies":[{"name":"wp","href":"https:\/\/api.w.org\/{rel}","templated":true}]}}