{"id":428372,"date":"2025-12-14T11:59:23","date_gmt":"2025-12-14T11:59:23","guid":{"rendered":"https:\/\/irankiuzona.lt\/product\/raktas-elekros-ir-dujinem-dezutem\/"},"modified":"2026-04-15T03:27:52","modified_gmt":"2026-04-15T03:27:52","slug":"raktas-elekros-ir-dujinem-dezutem","status":"publish","type":"product","link":"https:\/\/irankiuzona.lt\/ru\/product\/raktas-elekros-ir-dujinem-dezutem\/","title":{"rendered":"Raktas elekros ir dujin\u0117m d\u0117\u017eut\u0117m"},"content":{"rendered":"<p>\u2022 Vandens, duj\u0173 ir elektros skaitikli\u0173 d\u0117\u017ei\u0173 ir valdymo spinteli\u0173 spyn\u0173 atidarymas<\/p>","protected":false},"excerpt":{"rendered":"<p>Raktas el.skydin\u0117m 4in1<\/p>","protected":false},"featured_media":428374,"comment_status":"open","ping_status":"open","template":"","meta":[],"product_cat":[9892],"product_tag":[11016],"class_list":{"0":"post-428372","1":"product","2":"type-product","3":"status-publish","4":"has-post-thumbnail","6":"product_brand-sterg-lenkija","7":"product_cat-kiti-irankiai-elektrikui","8":"product_tag-sterg-lenkija","10":"first","11":"outofstock","12":"purchasable","13":"product-type-simple"},"jetpack_sharing_enabled":true,"_links":{"self":[{"href":"https:\/\/irankiuzona.lt\/ru\/wp-json\/wp\/v2\/product\/428372","targetHints":{"allow":["GET"]}}],"collection":[{"href":"https:\/\/irankiuzona.lt\/ru\/wp-json\/wp\/v2\/product"}],"about":[{"href":"https:\/\/irankiuzona.lt\/ru\/wp-json\/wp\/v2\/types\/product"}],"replies":[{"embeddable":true,"href":"https:\/\/irankiuzona.lt\/ru\/wp-json\/wp\/v2\/comments?post=428372"}],"version-history":[{"count":1,"href":"https:\/\/irankiuzona.lt\/ru\/wp-json\/wp\/v2\/product\/428372\/revisions"}],"predecessor-version":[{"id":428373,"href":"https:\/\/irankiuzona.lt\/ru\/wp-json\/wp\/v2\/product\/428372\/revisions\/428373"}],"wp:featuredmedia":[{"embeddable":true,"href":"https:\/\/irankiuzona.lt\/ru\/wp-json\/wp\/v2\/media\/428374"}],"wp:attachment":[{"href":"https:\/\/irankiuzona.lt\/ru\/wp-json\/wp\/v2\/media?parent=428372"}],"wp:term":[{"taxonomy":"product_cat","embeddable":true,"href":"https:\/\/irankiuzona.lt\/ru\/wp-json\/wp\/v2\/product_cat?post=428372"},{"taxonomy":"product_tag","embeddable":true,"href":"https:\/\/irankiuzona.lt\/ru\/wp-json\/wp\/v2\/product_tag?post=428372"}],"curies":[{"name":"wp","href":"https:\/\/api.w.org\/{rel}","templated":true}]}}