{"id":428375,"date":"2025-12-14T12:00:36","date_gmt":"2025-12-14T12:00:36","guid":{"rendered":"https:\/\/irankiuzona.lt\/product\/dzemperis-flisinis-melynos-sp-l-dydis-2\/"},"modified":"2026-04-17T08:47:26","modified_gmt":"2026-04-17T08:47:26","slug":"dzemperis-flisinis-melynos-sp-l-dydis-2","status":"publish","type":"product","link":"https:\/\/irankiuzona.lt\/ru\/product\/dzemperis-flisinis-melynos-sp-l-dydis-2\/","title":{"rendered":"D\u017eemperis flisinis, m\u0117lynos sp., L dydis"},"content":{"rendered":"<p>med\u017eiaga: trikota\u017eas 100% poliesteris 290 g\/m\u00b2;<br \/>\n2 apatin\u0117s ki\u0161en\u0117s su u\u017etrauktuku;<br \/>\nreguliuojama megztinio apa\u010dia, kuri tiksliai priglunda prie k\u016bno ir apsaugo nuo \u0161ilumos praradimo;<br \/>\nguminis rankogalis;<br \/>\nklasikinis, sportinis stilius, tinkantis vyri\u0161kam k\u016bnui.<\/p>","protected":false},"excerpt":{"rendered":"<p>D\u017eemperis flisinis, m\u0117lynos sp., L dydis<\/p>","protected":false},"featured_media":264382,"comment_status":"open","ping_status":"open","template":"","meta":[],"product_cat":[9976],"product_tag":[],"class_list":{"0":"post-428375","1":"product","2":"type-product","3":"status-publish","4":"has-post-thumbnail","6":"product_cat-katalogas","8":"first","9":"outofstock","10":"purchasable","11":"product-type-simple"},"jetpack_sharing_enabled":true,"_links":{"self":[{"href":"https:\/\/irankiuzona.lt\/ru\/wp-json\/wp\/v2\/product\/428375","targetHints":{"allow":["GET"]}}],"collection":[{"href":"https:\/\/irankiuzona.lt\/ru\/wp-json\/wp\/v2\/product"}],"about":[{"href":"https:\/\/irankiuzona.lt\/ru\/wp-json\/wp\/v2\/types\/product"}],"replies":[{"embeddable":true,"href":"https:\/\/irankiuzona.lt\/ru\/wp-json\/wp\/v2\/comments?post=428375"}],"version-history":[{"count":1,"href":"https:\/\/irankiuzona.lt\/ru\/wp-json\/wp\/v2\/product\/428375\/revisions"}],"predecessor-version":[{"id":428376,"href":"https:\/\/irankiuzona.lt\/ru\/wp-json\/wp\/v2\/product\/428375\/revisions\/428376"}],"wp:featuredmedia":[{"embeddable":true,"href":"https:\/\/irankiuzona.lt\/ru\/wp-json\/wp\/v2\/media\/264382"}],"wp:attachment":[{"href":"https:\/\/irankiuzona.lt\/ru\/wp-json\/wp\/v2\/media?parent=428375"}],"wp:term":[{"taxonomy":"product_cat","embeddable":true,"href":"https:\/\/irankiuzona.lt\/ru\/wp-json\/wp\/v2\/product_cat?post=428375"},{"taxonomy":"product_tag","embeddable":true,"href":"https:\/\/irankiuzona.lt\/ru\/wp-json\/wp\/v2\/product_tag?post=428375"}],"curies":[{"name":"wp","href":"https:\/\/api.w.org\/{rel}","templated":true}]}}