{"id":428389,"date":"2025-12-14T12:09:55","date_gmt":"2025-12-14T12:09:55","guid":{"rendered":"https:\/\/irankiuzona.lt\/product\/slankmatis-150mm-4\/"},"modified":"2026-04-11T10:01:32","modified_gmt":"2026-04-11T10:01:32","slug":"slankmatis-150mm-4","status":"publish","type":"product","link":"https:\/\/irankiuzona.lt\/ru\/product\/slankmatis-150mm-4\/","title":{"rendered":"Slankmatis 150mm"},"content":{"rendered":"<p>Auk\u0161tos kokyb\u0117s ciferblatinis slankmatis, pagamintas i\u0161 auk\u0161tos kokyb\u0117s plieno, skirtas i\u0161oriniams ir vidiniams gylio matavimams. Slankmatis turi var\u017etin\u012f fiksatori\u0173, tod\u0117l j\u012f lengva matuoti. Jis pasi\u017eymi ergonomi\u0161ku dizainu, ma\u017eu svoriu ir lengvai valdomas. Matavimo tikslumas siekia \u0161imt\u0105sias milimetro dalis. Slankma\u010dio skal\u0117 yra labai ai\u0161ki ir tiksli.<\/p>","protected":false},"excerpt":{"rendered":"<p>150 mm skal\u0117s slankmatis<\/p>","protected":false},"featured_media":428391,"comment_status":"open","ping_status":"open","template":"","meta":[],"product_cat":[9999],"product_tag":[9628],"class_list":{"0":"post-428389","1":"product","2":"type-product","3":"status-publish","4":"has-post-thumbnail","6":"product_brand-condor-lenkija","7":"product_cat-matavimo-priemones-slankmaciai-ruletes-gulsciukai-liniuotes","8":"product_tag-condor-lenkija","10":"first","11":"instock","12":"purchasable","13":"product-type-simple"},"jetpack_sharing_enabled":true,"_links":{"self":[{"href":"https:\/\/irankiuzona.lt\/ru\/wp-json\/wp\/v2\/product\/428389","targetHints":{"allow":["GET"]}}],"collection":[{"href":"https:\/\/irankiuzona.lt\/ru\/wp-json\/wp\/v2\/product"}],"about":[{"href":"https:\/\/irankiuzona.lt\/ru\/wp-json\/wp\/v2\/types\/product"}],"replies":[{"embeddable":true,"href":"https:\/\/irankiuzona.lt\/ru\/wp-json\/wp\/v2\/comments?post=428389"}],"version-history":[{"count":1,"href":"https:\/\/irankiuzona.lt\/ru\/wp-json\/wp\/v2\/product\/428389\/revisions"}],"predecessor-version":[{"id":428390,"href":"https:\/\/irankiuzona.lt\/ru\/wp-json\/wp\/v2\/product\/428389\/revisions\/428390"}],"wp:featuredmedia":[{"embeddable":true,"href":"https:\/\/irankiuzona.lt\/ru\/wp-json\/wp\/v2\/media\/428391"}],"wp:attachment":[{"href":"https:\/\/irankiuzona.lt\/ru\/wp-json\/wp\/v2\/media?parent=428389"}],"wp:term":[{"taxonomy":"product_cat","embeddable":true,"href":"https:\/\/irankiuzona.lt\/ru\/wp-json\/wp\/v2\/product_cat?post=428389"},{"taxonomy":"product_tag","embeddable":true,"href":"https:\/\/irankiuzona.lt\/ru\/wp-json\/wp\/v2\/product_tag?post=428389"}],"curies":[{"name":"wp","href":"https:\/\/api.w.org\/{rel}","templated":true}]}}