{"id":428392,"date":"2025-12-14T12:16:08","date_gmt":"2025-12-14T12:16:08","guid":{"rendered":"https:\/\/irankiuzona.lt\/product\/sepeteliu-komplektas-ertmems-valyti-mini-3vnt\/"},"modified":"2026-04-11T08:52:34","modified_gmt":"2026-04-11T08:52:34","slug":"sepeteliu-komplektas-ertmems-valyti-mini-3vnt","status":"publish","type":"product","link":"https:\/\/irankiuzona.lt\/ru\/product\/sepeteliu-komplektas-ertmems-valyti-mini-3vnt\/","title":{"rendered":"\u0160epet\u0117li\u0173 komplektas ertm\u0117ms valyti mini 3vnt."},"content":{"rendered":"<p>Soft Bristle Internal Cleaning BrushSoft Bristle External Cleaning BrushFluid Tube Cleaning Brush<\/p>","protected":false},"excerpt":{"rendered":"<p>\u0160epet\u0117li\u0173 rinkinys valymui | mini | 3 vnt<\/p>","protected":false},"featured_media":428394,"comment_status":"open","ping_status":"open","template":"","meta":[],"product_cat":[9794],"product_tag":[9435],"class_list":{"0":"post-428392","1":"product","2":"type-product","3":"status-publish","4":"has-post-thumbnail","6":"product_brand-kinija","7":"product_cat-sepeteliai-zvakems","8":"product_tag-kinija","10":"first","11":"instock","12":"purchasable","13":"product-type-simple"},"jetpack_sharing_enabled":true,"_links":{"self":[{"href":"https:\/\/irankiuzona.lt\/ru\/wp-json\/wp\/v2\/product\/428392","targetHints":{"allow":["GET"]}}],"collection":[{"href":"https:\/\/irankiuzona.lt\/ru\/wp-json\/wp\/v2\/product"}],"about":[{"href":"https:\/\/irankiuzona.lt\/ru\/wp-json\/wp\/v2\/types\/product"}],"replies":[{"embeddable":true,"href":"https:\/\/irankiuzona.lt\/ru\/wp-json\/wp\/v2\/comments?post=428392"}],"version-history":[{"count":1,"href":"https:\/\/irankiuzona.lt\/ru\/wp-json\/wp\/v2\/product\/428392\/revisions"}],"predecessor-version":[{"id":428393,"href":"https:\/\/irankiuzona.lt\/ru\/wp-json\/wp\/v2\/product\/428392\/revisions\/428393"}],"wp:featuredmedia":[{"embeddable":true,"href":"https:\/\/irankiuzona.lt\/ru\/wp-json\/wp\/v2\/media\/428394"}],"wp:attachment":[{"href":"https:\/\/irankiuzona.lt\/ru\/wp-json\/wp\/v2\/media?parent=428392"}],"wp:term":[{"taxonomy":"product_cat","embeddable":true,"href":"https:\/\/irankiuzona.lt\/ru\/wp-json\/wp\/v2\/product_cat?post=428392"},{"taxonomy":"product_tag","embeddable":true,"href":"https:\/\/irankiuzona.lt\/ru\/wp-json\/wp\/v2\/product_tag?post=428392"}],"curies":[{"name":"wp","href":"https:\/\/api.w.org\/{rel}","templated":true}]}}