{"id":428422,"date":"2025-12-14T12:29:19","date_gmt":"2025-12-14T12:29:19","guid":{"rendered":"https:\/\/irankiuzona.lt\/product\/led-darbo-lempa-cob3w-smd\/"},"modified":"2026-04-13T08:48:11","modified_gmt":"2026-04-13T08:48:11","slug":"led-darbo-lempa-cob3w-smd","status":"publish","type":"product","link":"https:\/\/irankiuzona.lt\/ru\/product\/led-darbo-lempa-cob3w-smd\/","title":{"rendered":"LED darbo lempa COB(3W) + SMD"},"content":{"rendered":"<p>7W COB + 2W SMD LED 6500K CRI 80+R\u0117\u017eimai: stiprus, vidutinis ir silpnasLED tarnavimo laikas daugiau kaip 100000 valKrovimo laikas 2.5 valVeikimo laikas 7W COB + 2W SMD LED 2.5 &#8211; 6 val\u0160viesos srautas 7W COB + 2W SMD LED: silpnas 200 lm, vidutinis 280 lm, stiprus 700 lm\u012ekrovos indikatoriusKorpusas ABS plastikasKomplekte yra akumuliatorius 3.7 V 2000 mAh h-Li\u012ekrovimai &#8211; daugiau kaip 500 kart\u0173180\u00b0 pasl\u0117ptas kabliukas. Padas su stipriomis magnetin\u0117mis savyb\u0117misTinka naudoti lauke ir viduje, USB jungtis tinkama krauti ir telefon\u0105\u012ekrovimo USB Type-C laidas 1.1m<br \/>\nPilnai \u012fkraukite pro\u017eektori\u0173 prie\u0161 prad\u0117dami naudotiPeriodi\u0161kai \u012fkraukite pro\u017eektori\u0173, jeigu jis buvo nenaudojamas ilgiau negu 3 m\u0117nesius<\/p>","protected":false},"excerpt":{"rendered":"<p>Pro\u017eektorius darbui COB (7W) + SMD (2W) (\u012fkraunamas)<\/p>","protected":false},"featured_media":428424,"comment_status":"open","ping_status":"closed","template":"","meta":[],"product_cat":[9854],"product_tag":[],"class_list":{"0":"post-428422","1":"product","2":"type-product","3":"status-publish","4":"has-post-thumbnail","6":"product_cat-lempos-ikraunamos","8":"first","9":"instock","10":"purchasable","11":"product-type-simple"},"jetpack_sharing_enabled":true,"_links":{"self":[{"href":"https:\/\/irankiuzona.lt\/ru\/wp-json\/wp\/v2\/product\/428422","targetHints":{"allow":["GET"]}}],"collection":[{"href":"https:\/\/irankiuzona.lt\/ru\/wp-json\/wp\/v2\/product"}],"about":[{"href":"https:\/\/irankiuzona.lt\/ru\/wp-json\/wp\/v2\/types\/product"}],"replies":[{"embeddable":true,"href":"https:\/\/irankiuzona.lt\/ru\/wp-json\/wp\/v2\/comments?post=428422"}],"version-history":[{"count":2,"href":"https:\/\/irankiuzona.lt\/ru\/wp-json\/wp\/v2\/product\/428422\/revisions"}],"predecessor-version":[{"id":429259,"href":"https:\/\/irankiuzona.lt\/ru\/wp-json\/wp\/v2\/product\/428422\/revisions\/429259"}],"wp:featuredmedia":[{"embeddable":true,"href":"https:\/\/irankiuzona.lt\/ru\/wp-json\/wp\/v2\/media\/428424"}],"wp:attachment":[{"href":"https:\/\/irankiuzona.lt\/ru\/wp-json\/wp\/v2\/media?parent=428422"}],"wp:term":[{"taxonomy":"product_cat","embeddable":true,"href":"https:\/\/irankiuzona.lt\/ru\/wp-json\/wp\/v2\/product_cat?post=428422"},{"taxonomy":"product_tag","embeddable":true,"href":"https:\/\/irankiuzona.lt\/ru\/wp-json\/wp\/v2\/product_tag?post=428422"}],"curies":[{"name":"wp","href":"https:\/\/api.w.org\/{rel}","templated":true}]}}