{"id":428427,"date":"2025-12-14T12:35:37","date_gmt":"2025-12-14T12:35:37","guid":{"rendered":"https:\/\/irankiuzona.lt\/product\/galva-kalama-1-46mm\/"},"modified":"2026-04-15T17:56:37","modified_gmt":"2026-04-15T17:56:37","slug":"galva-kalama-1-46mm","status":"publish","type":"product","link":"https:\/\/irankiuzona.lt\/ru\/product\/galva-kalama-1-46mm\/","title":{"rendered":"Galva kalama 1&#8221; 46mm"},"content":{"rendered":"","protected":false},"excerpt":{"rendered":"<p>Galvut\u0117 1&quot; sm\u016bgin\u0117 46mm<\/p>","protected":false},"featured_media":428429,"comment_status":"open","ping_status":"open","template":"","meta":[],"product_cat":[9772],"product_tag":[10151],"class_list":{"0":"post-428427","1":"product","2":"type-product","3":"status-publish","4":"has-post-thumbnail","6":"product_brand-lenkija-tiekejas","7":"product_cat-1-25-mm-trumpos-ir-ilgos-smugines-sesiakampes-galvutes","8":"product_tag-lenkija-tiekejas","10":"first","11":"instock","12":"purchasable","13":"product-type-simple"},"jetpack_sharing_enabled":true,"_links":{"self":[{"href":"https:\/\/irankiuzona.lt\/ru\/wp-json\/wp\/v2\/product\/428427","targetHints":{"allow":["GET"]}}],"collection":[{"href":"https:\/\/irankiuzona.lt\/ru\/wp-json\/wp\/v2\/product"}],"about":[{"href":"https:\/\/irankiuzona.lt\/ru\/wp-json\/wp\/v2\/types\/product"}],"replies":[{"embeddable":true,"href":"https:\/\/irankiuzona.lt\/ru\/wp-json\/wp\/v2\/comments?post=428427"}],"version-history":[{"count":1,"href":"https:\/\/irankiuzona.lt\/ru\/wp-json\/wp\/v2\/product\/428427\/revisions"}],"predecessor-version":[{"id":428428,"href":"https:\/\/irankiuzona.lt\/ru\/wp-json\/wp\/v2\/product\/428427\/revisions\/428428"}],"wp:featuredmedia":[{"embeddable":true,"href":"https:\/\/irankiuzona.lt\/ru\/wp-json\/wp\/v2\/media\/428429"}],"wp:attachment":[{"href":"https:\/\/irankiuzona.lt\/ru\/wp-json\/wp\/v2\/media?parent=428427"}],"wp:term":[{"taxonomy":"product_cat","embeddable":true,"href":"https:\/\/irankiuzona.lt\/ru\/wp-json\/wp\/v2\/product_cat?post=428427"},{"taxonomy":"product_tag","embeddable":true,"href":"https:\/\/irankiuzona.lt\/ru\/wp-json\/wp\/v2\/product_tag?post=428427"}],"curies":[{"name":"wp","href":"https:\/\/api.w.org\/{rel}","templated":true}]}}