{"id":428430,"date":"2025-12-14T12:44:37","date_gmt":"2025-12-14T12:44:37","guid":{"rendered":"https:\/\/irankiuzona.lt\/product\/nuemejas-8-50mm\/"},"modified":"2026-04-15T14:44:36","modified_gmt":"2026-04-15T14:44:36","slug":"nuemejas-8-50mm","status":"publish","type":"product","link":"https:\/\/irankiuzona.lt\/ru\/product\/nuemejas-8-50mm\/","title":{"rendered":"Nu\u0117m\u0117jas 8-50mm"},"content":{"rendered":"","protected":false},"excerpt":{"rendered":"<p>Dvikojis nu\u0117m\u0117jas 8-50mm plo\u010dio \/ 75mm bendras koj\u0173 ilgis<\/p>","protected":false},"featured_media":428432,"comment_status":"open","ping_status":"open","template":"","meta":[],"product_cat":[9531],"product_tag":[10151],"class_list":{"0":"post-428430","1":"product","2":"type-product","3":"status-publish","4":"has-post-thumbnail","6":"product_brand-lenkija-tiekejas","7":"product_cat-dvikojai-nuemejai","8":"product_tag-lenkija-tiekejas","10":"first","11":"outofstock","12":"purchasable","13":"product-type-simple"},"jetpack_sharing_enabled":true,"_links":{"self":[{"href":"https:\/\/irankiuzona.lt\/ru\/wp-json\/wp\/v2\/product\/428430","targetHints":{"allow":["GET"]}}],"collection":[{"href":"https:\/\/irankiuzona.lt\/ru\/wp-json\/wp\/v2\/product"}],"about":[{"href":"https:\/\/irankiuzona.lt\/ru\/wp-json\/wp\/v2\/types\/product"}],"replies":[{"embeddable":true,"href":"https:\/\/irankiuzona.lt\/ru\/wp-json\/wp\/v2\/comments?post=428430"}],"version-history":[{"count":1,"href":"https:\/\/irankiuzona.lt\/ru\/wp-json\/wp\/v2\/product\/428430\/revisions"}],"predecessor-version":[{"id":428431,"href":"https:\/\/irankiuzona.lt\/ru\/wp-json\/wp\/v2\/product\/428430\/revisions\/428431"}],"wp:featuredmedia":[{"embeddable":true,"href":"https:\/\/irankiuzona.lt\/ru\/wp-json\/wp\/v2\/media\/428432"}],"wp:attachment":[{"href":"https:\/\/irankiuzona.lt\/ru\/wp-json\/wp\/v2\/media?parent=428430"}],"wp:term":[{"taxonomy":"product_cat","embeddable":true,"href":"https:\/\/irankiuzona.lt\/ru\/wp-json\/wp\/v2\/product_cat?post=428430"},{"taxonomy":"product_tag","embeddable":true,"href":"https:\/\/irankiuzona.lt\/ru\/wp-json\/wp\/v2\/product_tag?post=428430"}],"curies":[{"name":"wp","href":"https:\/\/api.w.org\/{rel}","templated":true}]}}