{"id":428436,"date":"2025-12-14T12:51:34","date_gmt":"2025-12-14T12:51:34","guid":{"rendered":"https:\/\/irankiuzona.lt\/product\/tepalo-surinkimo-indas-90l-su-papildoma-vonele-65l\/"},"modified":"2025-12-14T12:51:34","modified_gmt":"2025-12-14T12:51:34","slug":"tepalo-surinkimo-indas-90l-su-papildoma-vonele-65l","status":"publish","type":"product","link":"https:\/\/irankiuzona.lt\/ru\/product\/tepalo-surinkimo-indas-90l-su-papildoma-vonele-65l\/","title":{"rendered":"Tepalo surinkimo indas 90l su papildoma vonele 65L"},"content":{"rendered":"<p>Bako talpa 90 litr\u0173Vonios talpa 65 litraiDarbinis sl\u0117gis 7-8 baraiSiurbimo vamzd\u017eio ilgis 2mMaksimalus auk\u0161tis 1540 mmMinimalus auk\u0161tis 900mmDrena\u017eo vamzd\u017eio ilgis 2 metraiMas\u0117 75kg<\/p>","protected":false},"excerpt":{"rendered":"<p>Tepalo surinkimo indas 90l su papildoma vonele 65L , bendra talpa 155L<\/p>","protected":false},"featured_media":312065,"comment_status":"open","ping_status":"open","template":"","meta":[],"product_cat":[9786],"product_tag":[10130],"class_list":{"0":"post-428436","1":"product","2":"type-product","3":"status-publish","4":"has-post-thumbnail","6":"product_brand-satra-lenkija","7":"product_cat-indai-talpos","8":"product_tag-satra-lenkija","10":"first","11":"instock","12":"purchasable","13":"product-type-simple"},"jetpack_sharing_enabled":true,"_links":{"self":[{"href":"https:\/\/irankiuzona.lt\/ru\/wp-json\/wp\/v2\/product\/428436","targetHints":{"allow":["GET"]}}],"collection":[{"href":"https:\/\/irankiuzona.lt\/ru\/wp-json\/wp\/v2\/product"}],"about":[{"href":"https:\/\/irankiuzona.lt\/ru\/wp-json\/wp\/v2\/types\/product"}],"replies":[{"embeddable":true,"href":"https:\/\/irankiuzona.lt\/ru\/wp-json\/wp\/v2\/comments?post=428436"}],"version-history":[{"count":1,"href":"https:\/\/irankiuzona.lt\/ru\/wp-json\/wp\/v2\/product\/428436\/revisions"}],"predecessor-version":[{"id":428437,"href":"https:\/\/irankiuzona.lt\/ru\/wp-json\/wp\/v2\/product\/428436\/revisions\/428437"}],"wp:featuredmedia":[{"embeddable":true,"href":"https:\/\/irankiuzona.lt\/ru\/wp-json\/wp\/v2\/media\/312065"}],"wp:attachment":[{"href":"https:\/\/irankiuzona.lt\/ru\/wp-json\/wp\/v2\/media?parent=428436"}],"wp:term":[{"taxonomy":"product_cat","embeddable":true,"href":"https:\/\/irankiuzona.lt\/ru\/wp-json\/wp\/v2\/product_cat?post=428436"},{"taxonomy":"product_tag","embeddable":true,"href":"https:\/\/irankiuzona.lt\/ru\/wp-json\/wp\/v2\/product_tag?post=428436"}],"curies":[{"name":"wp","href":"https:\/\/api.w.org\/{rel}","templated":true}]}}