{"id":428441,"date":"2025-12-14T12:58:20","date_gmt":"2025-12-14T12:58:20","guid":{"rendered":"https:\/\/irankiuzona.lt\/product\/peilis-inox-215mm-su-deklu\/"},"modified":"2026-04-17T17:29:53","modified_gmt":"2026-04-17T17:29:53","slug":"peilis-inox-215mm-su-deklu","status":"publish","type":"product","link":"https:\/\/irankiuzona.lt\/ru\/product\/peilis-inox-215mm-su-deklu\/","title":{"rendered":"Peilis INOX 215mm su d\u0117klu"},"content":{"rendered":"<p>215 mm universalus peilis su d\u0117klu, ner\u016bdijan\u010dio plieno<\/p>","protected":false},"excerpt":{"rendered":"<p>215 mm<\/p>","protected":false},"featured_media":428443,"comment_status":"open","ping_status":"open","template":"","meta":[],"product_cat":[9998],"product_tag":[10151],"class_list":{"0":"post-428441","1":"product","2":"type-product","3":"status-publish","4":"has-post-thumbnail","6":"product_brand-lenkija-tiekejas","7":"product_cat-patalpu-remonto-irankiai-maisai-tentai-peiliukai-markeriai-izoliacines-juostos","8":"product_tag-lenkija-tiekejas","10":"first","11":"instock","12":"purchasable","13":"product-type-simple"},"jetpack_sharing_enabled":true,"_links":{"self":[{"href":"https:\/\/irankiuzona.lt\/ru\/wp-json\/wp\/v2\/product\/428441","targetHints":{"allow":["GET"]}}],"collection":[{"href":"https:\/\/irankiuzona.lt\/ru\/wp-json\/wp\/v2\/product"}],"about":[{"href":"https:\/\/irankiuzona.lt\/ru\/wp-json\/wp\/v2\/types\/product"}],"replies":[{"embeddable":true,"href":"https:\/\/irankiuzona.lt\/ru\/wp-json\/wp\/v2\/comments?post=428441"}],"version-history":[{"count":1,"href":"https:\/\/irankiuzona.lt\/ru\/wp-json\/wp\/v2\/product\/428441\/revisions"}],"predecessor-version":[{"id":428442,"href":"https:\/\/irankiuzona.lt\/ru\/wp-json\/wp\/v2\/product\/428441\/revisions\/428442"}],"wp:featuredmedia":[{"embeddable":true,"href":"https:\/\/irankiuzona.lt\/ru\/wp-json\/wp\/v2\/media\/428443"}],"wp:attachment":[{"href":"https:\/\/irankiuzona.lt\/ru\/wp-json\/wp\/v2\/media?parent=428441"}],"wp:term":[{"taxonomy":"product_cat","embeddable":true,"href":"https:\/\/irankiuzona.lt\/ru\/wp-json\/wp\/v2\/product_cat?post=428441"},{"taxonomy":"product_tag","embeddable":true,"href":"https:\/\/irankiuzona.lt\/ru\/wp-json\/wp\/v2\/product_tag?post=428441"}],"curies":[{"name":"wp","href":"https:\/\/api.w.org\/{rel}","templated":true}]}}